{"id":1382,"date":"2025-11-20T18:51:38","date_gmt":"2025-11-20T18:51:38","guid":{"rendered":"https:\/\/www.ptfos.unios.hr\/MultiFunFood\/?page_id=1382"},"modified":"2025-12-05T17:23:42","modified_gmt":"2025-12-05T17:23:42","slug":"suradnici","status":"publish","type":"page","link":"https:\/\/www.ptfos.unios.hr\/MultiFunFood\/index.php\/suradnici\/","title":{"rendered":"\u010clanovi tima \/ Project Team"},"content":{"rendered":"\n<div class=\"wp-block-group is-layout-grid wp-container-core-group-is-layout-9649a0d9 wp-block-group-is-layout-grid\">\n<figure class=\"wp-block-image size-full wp-container-content-69bc4bdf\"><img fetchpriority=\"high\" decoding=\"async\" width=\"600\" height=\"600\" src=\"https:\/\/www.ptfos.unios.hr\/MultiFunFood\/wp-content\/uploads\/2025\/12\/martinaantunovic-1.jpeg\" alt=\"\" class=\"wp-image-1796\" srcset=\"https:\/\/www.ptfos.unios.hr\/MultiFunFood\/wp-content\/uploads\/2025\/12\/martinaantunovic-1.jpeg 600w, https:\/\/www.ptfos.unios.hr\/MultiFunFood\/wp-content\/uploads\/2025\/12\/martinaantunovic-1-300x300.jpeg 300w, https:\/\/www.ptfos.unios.hr\/MultiFunFood\/wp-content\/uploads\/2025\/12\/martinaantunovic-1-150x150.jpeg 150w\" sizes=\"(max-width: 600px) 100vw, 600px\" \/><figcaption class=\"wp-element-caption\"><a href=\"https:\/\/www.ptfos.unios.hr\/index.php\/nastavno-osoblje\/martina-antunovic\">Martina Antunovi\u0107 Vici\u0107<\/a><br>mag. ing. techn. aliment.<\/figcaption><\/figure>\n\n\n\n<figure class=\"wp-block-image size-full wp-container-content-69bc4bdf\"><img decoding=\"async\" width=\"200\" height=\"200\" src=\"https:\/\/www.ptfos.unios.hr\/MultiFunFood\/wp-content\/uploads\/2025\/12\/ines_banjari-1.jpg\" alt=\"\" class=\"wp-image-1793\" srcset=\"https:\/\/www.ptfos.unios.hr\/MultiFunFood\/wp-content\/uploads\/2025\/12\/ines_banjari-1.jpg 200w, https:\/\/www.ptfos.unios.hr\/MultiFunFood\/wp-content\/uploads\/2025\/12\/ines_banjari-1-150x150.jpg 150w\" sizes=\"(max-width: 200px) 100vw, 200px\" \/><figcaption class=\"wp-element-caption\"><a href=\"https:\/\/www.ptfos.unios.hr\/index.php\/nastavno-osoblje\/prof-dr-sc-ines-banjari\" data-type=\"link\" data-id=\"https:\/\/www.ptfos.unios.hr\/index.php\/nastavno-osoblje\/prof-dr-sc-ines-banjari\">Ines Banjari<br><\/a>prof. dr. sc.<\/figcaption><\/figure>\n\n\n\n<figure class=\"wp-block-image size-full\"><img decoding=\"async\" width=\"334\" height=\"334\" src=\"https:\/\/www.ptfos.unios.hr\/MultiFunFood\/wp-content\/uploads\/2025\/12\/Bucic-2.jpg\" alt=\"\" class=\"wp-image-1813\" srcset=\"https:\/\/www.ptfos.unios.hr\/MultiFunFood\/wp-content\/uploads\/2025\/12\/Bucic-2.jpg 334w, https:\/\/www.ptfos.unios.hr\/MultiFunFood\/wp-content\/uploads\/2025\/12\/Bucic-2-300x300.jpg 300w, https:\/\/www.ptfos.unios.hr\/MultiFunFood\/wp-content\/uploads\/2025\/12\/Bucic-2-150x150.jpg 150w\" sizes=\"(max-width: 334px) 100vw, 334px\" \/><figcaption class=\"wp-element-caption\"><a href=\"https:\/\/www.ptfos.unios.hr\/index.php\/nastavno-osoblje\/prof-dr-sc-ana-bucic-kojic\">Ana Buci\u0107-Koji\u0107<br><\/a>prof. dr. sc.<\/figcaption><\/figure>\n\n\n\n<figure class=\"wp-block-image size-full\"><img loading=\"lazy\" decoding=\"async\" width=\"506\" height=\"506\" src=\"https:\/\/www.ptfos.unios.hr\/MultiFunFood\/wp-content\/uploads\/2025\/12\/marko-jukic-jpg-1.jpg\" alt=\"\" class=\"wp-image-1799\" srcset=\"https:\/\/www.ptfos.unios.hr\/MultiFunFood\/wp-content\/uploads\/2025\/12\/marko-jukic-jpg-1.jpg 506w, https:\/\/www.ptfos.unios.hr\/MultiFunFood\/wp-content\/uploads\/2025\/12\/marko-jukic-jpg-1-300x300.jpg 300w, https:\/\/www.ptfos.unios.hr\/MultiFunFood\/wp-content\/uploads\/2025\/12\/marko-jukic-jpg-1-150x150.jpg 150w\" sizes=\"(max-width: 506px) 100vw, 506px\" \/><figcaption class=\"wp-element-caption\"><a href=\"https:\/\/www.ptfos.unios.hr\/index.php\/nastavno-osoblje\/prof-dr-sc-marko-jukic\">Marko Juki\u0107<\/a><br>prof. dr. sc.<\/figcaption><\/figure>\n<\/div>\n\n\n\n<div class=\"wp-block-group is-layout-grid wp-container-core-group-is-layout-9649a0d9 wp-block-group-is-layout-grid\">\n<div class=\"wp-block-group is-layout-grid wp-container-core-group-is-layout-9649a0d9 wp-block-group-is-layout-grid\">\n<figure class=\"wp-block-image size-full\"><img loading=\"lazy\" decoding=\"async\" width=\"228\" height=\"240\" src=\"https:\/\/www.ptfos.unios.hr\/MultiFunFood\/wp-content\/uploads\/2025\/12\/Klapec.png\" alt=\"\" class=\"wp-image-1800\"\/><figcaption class=\"wp-element-caption\"><a href=\"https:\/\/www.ptfos.unios.hr\/index.php\/nastavno-osoblje\/prof-dr-sc-tomislav-klapec\">Tomislav Klapec<\/a><br>prof. dr. sc.<\/figcaption><\/figure>\n<\/div>\n\n\n\n<figure class=\"wp-block-image size-full\"><img loading=\"lazy\" decoding=\"async\" width=\"640\" height=\"640\" src=\"https:\/\/www.ptfos.unios.hr\/MultiFunFood\/wp-content\/uploads\/2025\/12\/Klaric.jpg\" alt=\"\" class=\"wp-image-1801\" srcset=\"https:\/\/www.ptfos.unios.hr\/MultiFunFood\/wp-content\/uploads\/2025\/12\/Klaric.jpg 640w, https:\/\/www.ptfos.unios.hr\/MultiFunFood\/wp-content\/uploads\/2025\/12\/Klaric-300x300.jpg 300w, https:\/\/www.ptfos.unios.hr\/MultiFunFood\/wp-content\/uploads\/2025\/12\/Klaric-150x150.jpg 150w\" sizes=\"(max-width: 640px) 100vw, 640px\" \/><figcaption class=\"wp-element-caption\"><a href=\"https:\/\/www.ptfos.unios.hr\/index.php\/zaposlenici-na-projektima\/ana-marija-dukaric-mag-ing-proc\">Ana-Marija Klari\u0107<\/a><br>mag. ing. proc.<\/figcaption><\/figure>\n\n\n\n<figure class=\"wp-block-image size-full\"><img loading=\"lazy\" decoding=\"async\" width=\"759\" height=\"759\" src=\"https:\/\/www.ptfos.unios.hr\/MultiFunFood\/wp-content\/uploads\/2025\/12\/Koceva.jpg\" alt=\"\" class=\"wp-image-1802\" srcset=\"https:\/\/www.ptfos.unios.hr\/MultiFunFood\/wp-content\/uploads\/2025\/12\/Koceva.jpg 759w, https:\/\/www.ptfos.unios.hr\/MultiFunFood\/wp-content\/uploads\/2025\/12\/Koceva-300x300.jpg 300w, https:\/\/www.ptfos.unios.hr\/MultiFunFood\/wp-content\/uploads\/2025\/12\/Koceva-150x150.jpg 150w\" sizes=\"(max-width: 759px) 100vw, 759px\" \/><figcaption class=\"wp-element-caption\"><a href=\"https:\/\/www.ptfos.unios.hr\/index.php\/nastavno-osoblje\/prof-dr-sc-daliborka-koceva-komlenic\">Daliborka Koceva Komleni\u0107<\/a><br>prof. dr. sc.<\/figcaption><\/figure>\n\n\n\n<figure class=\"wp-block-image size-full\"><img loading=\"lazy\" decoding=\"async\" width=\"460\" height=\"480\" src=\"https:\/\/www.ptfos.unios.hr\/MultiFunFood\/wp-content\/uploads\/2025\/12\/Loncaric.jpg\" alt=\"\" class=\"wp-image-1803\" srcset=\"https:\/\/www.ptfos.unios.hr\/MultiFunFood\/wp-content\/uploads\/2025\/12\/Loncaric.jpg 460w, https:\/\/www.ptfos.unios.hr\/MultiFunFood\/wp-content\/uploads\/2025\/12\/Loncaric-288x300.jpg 288w\" sizes=\"(max-width: 460px) 100vw, 460px\" \/><figcaption class=\"wp-element-caption\"><a href=\"https:\/\/www.ptfos.unios.hr\/index.php\/zaposlenici-na-projektima\/petra-loncaric-mag-ing-proc-2\">Petra Lon\u010dari\u0107<\/a><br>mag. ing. proc.<\/figcaption><\/figure>\n<\/div>\n\n\n\n<div class=\"wp-block-group is-layout-grid wp-container-core-group-is-layout-9649a0d9 wp-block-group-is-layout-grid\">\n<figure class=\"wp-block-image size-full\"><img loading=\"lazy\" decoding=\"async\" width=\"480\" height=\"480\" src=\"https:\/\/www.ptfos.unios.hr\/MultiFunFood\/wp-content\/uploads\/2025\/12\/Lucan.jpg\" alt=\"\" class=\"wp-image-1804\" srcset=\"https:\/\/www.ptfos.unios.hr\/MultiFunFood\/wp-content\/uploads\/2025\/12\/Lucan.jpg 480w, https:\/\/www.ptfos.unios.hr\/MultiFunFood\/wp-content\/uploads\/2025\/12\/Lucan-300x300.jpg 300w, https:\/\/www.ptfos.unios.hr\/MultiFunFood\/wp-content\/uploads\/2025\/12\/Lucan-150x150.jpg 150w\" sizes=\"(max-width: 480px) 100vw, 480px\" \/><figcaption class=\"wp-element-caption\"><a href=\"https:\/\/www.ptfos.unios.hr\/index.php\/nastavno-osoblje\/izv-prof-dr-sc-mirela-lucan-colic\">Mirela Lu\u010dan \u010coli\u0107<br><\/a>izv. prof. dr. sc.<\/figcaption><\/figure>\n\n\n\n<figure class=\"wp-block-image size-full\"><img loading=\"lazy\" decoding=\"async\" width=\"600\" height=\"600\" src=\"https:\/\/www.ptfos.unios.hr\/MultiFunFood\/wp-content\/uploads\/2025\/12\/Lukinac.jpg\" alt=\"\" class=\"wp-image-1805\" srcset=\"https:\/\/www.ptfos.unios.hr\/MultiFunFood\/wp-content\/uploads\/2025\/12\/Lukinac.jpg 600w, https:\/\/www.ptfos.unios.hr\/MultiFunFood\/wp-content\/uploads\/2025\/12\/Lukinac-300x300.jpg 300w, https:\/\/www.ptfos.unios.hr\/MultiFunFood\/wp-content\/uploads\/2025\/12\/Lukinac-150x150.jpg 150w\" sizes=\"(max-width: 600px) 100vw, 600px\" \/><figcaption class=\"wp-element-caption\"><a href=\"https:\/\/www.ptfos.unios.hr\/index.php\/nastavno-osoblje\/izv-prof-dr-sc-jasmina-lukinac-cacic\">Jasmina Lukinac<br><\/a>prof. dr. sc.<\/figcaption><\/figure>\n\n\n\n<figure class=\"wp-block-image size-full\"><img loading=\"lazy\" decoding=\"async\" width=\"480\" height=\"480\" src=\"https:\/\/www.ptfos.unios.hr\/MultiFunFood\/wp-content\/uploads\/2025\/12\/Planinic.jpg\" alt=\"\" class=\"wp-image-1806\" srcset=\"https:\/\/www.ptfos.unios.hr\/MultiFunFood\/wp-content\/uploads\/2025\/12\/Planinic.jpg 480w, https:\/\/www.ptfos.unios.hr\/MultiFunFood\/wp-content\/uploads\/2025\/12\/Planinic-300x300.jpg 300w, https:\/\/www.ptfos.unios.hr\/MultiFunFood\/wp-content\/uploads\/2025\/12\/Planinic-150x150.jpg 150w\" sizes=\"(max-width: 480px) 100vw, 480px\" \/><figcaption class=\"wp-element-caption\"><a href=\"https:\/\/www.ptfos.unios.hr\/index.php\/nastavno-osoblje\/prof-dr-sc-mirela-planinic\">Mirela Planini\u0107<\/a><br>prof. dr. sc.<\/figcaption><\/figure>\n\n\n\n<figure class=\"wp-block-image size-full\"><img loading=\"lazy\" decoding=\"async\" width=\"480\" height=\"480\" src=\"https:\/\/www.ptfos.unios.hr\/MultiFunFood\/wp-content\/uploads\/2025\/12\/Selo-2.jpg\" alt=\"\" class=\"wp-image-1815\" srcset=\"https:\/\/www.ptfos.unios.hr\/MultiFunFood\/wp-content\/uploads\/2025\/12\/Selo-2.jpg 480w, https:\/\/www.ptfos.unios.hr\/MultiFunFood\/wp-content\/uploads\/2025\/12\/Selo-2-300x300.jpg 300w, https:\/\/www.ptfos.unios.hr\/MultiFunFood\/wp-content\/uploads\/2025\/12\/Selo-2-150x150.jpg 150w\" sizes=\"(max-width: 480px) 100vw, 480px\" \/><figcaption class=\"wp-element-caption\"><a href=\"https:\/\/www.ptfos.unios.hr\/index.php\/nastavno-osoblje\/gordana-selo-mag-ing-proc\">Gordana \u0160elo<\/a><br>dr. sc.<\/figcaption><\/figure>\n<\/div>\n\n\n\n<div class=\"wp-block-group is-layout-grid wp-container-core-group-is-layout-9649a0d9 wp-block-group-is-layout-grid\">\n<figure class=\"wp-block-image size-full\"><img loading=\"lazy\" decoding=\"async\" width=\"582\" height=\"582\" src=\"https:\/\/www.ptfos.unios.hr\/MultiFunFood\/wp-content\/uploads\/2025\/12\/Susak-2.jpg\" alt=\"\" class=\"wp-image-1819\" srcset=\"https:\/\/www.ptfos.unios.hr\/MultiFunFood\/wp-content\/uploads\/2025\/12\/Susak-2.jpg 582w, https:\/\/www.ptfos.unios.hr\/MultiFunFood\/wp-content\/uploads\/2025\/12\/Susak-2-300x300.jpg 300w, https:\/\/www.ptfos.unios.hr\/MultiFunFood\/wp-content\/uploads\/2025\/12\/Susak-2-150x150.jpg 150w\" sizes=\"(max-width: 582px) 100vw, 582px\" \/><figcaption class=\"wp-element-caption\"><a href=\"https:\/\/www.ptfos.unios.hr\/index.php\/nastavno-osoblje\/ana-susak-dipl-ing\">Ana \u0160u\u0161ak<\/a><br>dipl. ing.<\/figcaption><\/figure>\n\n\n\n<figure class=\"wp-block-image size-full\"><img loading=\"lazy\" decoding=\"async\" width=\"600\" height=\"601\" src=\"https:\/\/www.ptfos.unios.hr\/MultiFunFood\/wp-content\/uploads\/2025\/12\/Tisma-2.jpg\" alt=\"\" class=\"wp-image-1820\" srcset=\"https:\/\/www.ptfos.unios.hr\/MultiFunFood\/wp-content\/uploads\/2025\/12\/Tisma-2.jpg 600w, https:\/\/www.ptfos.unios.hr\/MultiFunFood\/wp-content\/uploads\/2025\/12\/Tisma-2-300x300.jpg 300w, https:\/\/www.ptfos.unios.hr\/MultiFunFood\/wp-content\/uploads\/2025\/12\/Tisma-2-150x150.jpg 150w\" sizes=\"(max-width: 600px) 100vw, 600px\" \/><figcaption class=\"wp-element-caption\"><a href=\"https:\/\/www.ptfos.unios.hr\/index.php\/nastavno-osoblje\/izv-prof-dr-sc-marina-tisma\">Marina Ti\u0161ma<\/a><br>prof. dr. sc.<\/figcaption><\/figure>\n<\/div>\n\n\n\n<p><\/p>\n","protected":false},"excerpt":{"rendered":"","protected":false},"author":1,"featured_media":0,"parent":0,"menu_order":0,"comment_status":"closed","ping_status":"closed","template":"","meta":{"give_campaign_id":0,"footnotes":""},"class_list":["post-1382","page","type-page","status-publish","hentry"],"campaignId":"","_links":{"self":[{"href":"https:\/\/www.ptfos.unios.hr\/MultiFunFood\/index.php\/wp-json\/wp\/v2\/pages\/1382","targetHints":{"allow":["GET"]}}],"collection":[{"href":"https:\/\/www.ptfos.unios.hr\/MultiFunFood\/index.php\/wp-json\/wp\/v2\/pages"}],"about":[{"href":"https:\/\/www.ptfos.unios.hr\/MultiFunFood\/index.php\/wp-json\/wp\/v2\/types\/page"}],"author":[{"embeddable":true,"href":"https:\/\/www.ptfos.unios.hr\/MultiFunFood\/index.php\/wp-json\/wp\/v2\/users\/1"}],"replies":[{"embeddable":true,"href":"https:\/\/www.ptfos.unios.hr\/MultiFunFood\/index.php\/wp-json\/wp\/v2\/comments?post=1382"}],"version-history":[{"count":40,"href":"https:\/\/www.ptfos.unios.hr\/MultiFunFood\/index.php\/wp-json\/wp\/v2\/pages\/1382\/revisions"}],"predecessor-version":[{"id":1910,"href":"https:\/\/www.ptfos.unios.hr\/MultiFunFood\/index.php\/wp-json\/wp\/v2\/pages\/1382\/revisions\/1910"}],"wp:attachment":[{"href":"https:\/\/www.ptfos.unios.hr\/MultiFunFood\/index.php\/wp-json\/wp\/v2\/media?parent=1382"}],"curies":[{"name":"wp","href":"https:\/\/api.w.org\/{rel}","templated":true}]}}