{"id":5446,"date":"2025-12-12T11:58:22","date_gmt":"2025-12-12T10:58:22","guid":{"rendered":"https:\/\/www.ptfos.unios.hr\/NUS-PRO-FUN\/?page_id=5446"},"modified":"2025-12-12T12:30:19","modified_gmt":"2025-12-12T11:30:19","slug":"kontak-contact","status":"publish","type":"page","link":"https:\/\/www.ptfos.unios.hr\/NUS-PRO-FUN\/index.php\/kontak-contact\/","title":{"rendered":"Kontak \/ Contact"},"content":{"rendered":"<p><span style=\"font-family: georgia, palatino, serif; font-size: 14pt;\"><strong>Kontak \/ Contact:<\/strong><\/span><\/p>\n<p class=\"wp-block-heading\"><span style=\"font-size: 12pt; font-family: georgia, palatino, serif;\"><strong>Antun Jozinovi\u0107<\/strong><br \/>\nizv. prof. dr. sc. \/ PhD, Assistant Professor<\/span><\/p>\n<p><span style=\"font-family: georgia, palatino, serif; font-size: 12pt;\"><strong>e-po\u0161ta \/ e-mail:<\/strong> ajozinovic@ptfos.hr<\/span><\/p>\n<p><span style=\"font-family: georgia, palatino, serif; font-size: 12pt;\"><strong>Adresa:<br \/>\n<\/strong>Prehrambeno-tehnolo\u0161ki fakultet Osijek<\/span><br \/>\n<span style=\"font-family: georgia, palatino, serif; font-size: 12pt;\">Franje Kuha\u010da 18<\/span><br \/>\n<span style=\"font-family: georgia, palatino, serif; font-size: 12pt;\">HR 31000 Osijek<\/span><br \/>\n<span style=\"font-family: georgia, palatino, serif; font-size: 12pt;\">Hrvatska<\/span><\/p>\n<p><span style=\"font-family: georgia, palatino, serif; font-size: 12pt;\"><strong>Address:<\/strong><\/span><br \/>\n<span style=\"font-family: georgia, palatino, serif; font-size: 12pt;\">Faculty of Food Technology Osijek<\/span><br \/>\n<span style=\"font-family: georgia, palatino, serif; font-size: 12pt;\">Franje Kuha\u010da 18<\/span><br \/>\n<span style=\"font-family: georgia, palatino, serif; font-size: 12pt;\">HR 31000 Osijek<\/span><br \/>\n<span style=\"font-family: georgia, palatino, serif; font-size: 12pt;\">Croatia<\/span><\/p>\n","protected":false},"excerpt":{"rendered":"<p>Kontak \/ Contact: Antun Jozinovi\u0107 izv. prof. dr. sc. \/ PhD, Assistant Professor e-po\u0161ta \/ e-mail: ajozinovic@ptfos.hr Adresa: Prehrambeno-tehnolo\u0161ki fakultet Osijek Franje Kuha\u010da 18 HR 31000 Osijek Hrvatska Address: Faculty of Food Technology Osijek Franje Kuha\u010da 18 HR 31000 Osijek Croatia<\/p>\n","protected":false},"author":5,"featured_media":0,"parent":0,"menu_order":0,"comment_status":"closed","ping_status":"closed","template":"","meta":{"footnotes":""},"class_list":["post-5446","page","type-page","status-publish"],"_links":{"self":[{"href":"https:\/\/www.ptfos.unios.hr\/NUS-PRO-FUN\/index.php\/wp-json\/wp\/v2\/pages\/5446","targetHints":{"allow":["GET"]}}],"collection":[{"href":"https:\/\/www.ptfos.unios.hr\/NUS-PRO-FUN\/index.php\/wp-json\/wp\/v2\/pages"}],"about":[{"href":"https:\/\/www.ptfos.unios.hr\/NUS-PRO-FUN\/index.php\/wp-json\/wp\/v2\/types\/page"}],"author":[{"embeddable":true,"href":"https:\/\/www.ptfos.unios.hr\/NUS-PRO-FUN\/index.php\/wp-json\/wp\/v2\/users\/5"}],"replies":[{"embeddable":true,"href":"https:\/\/www.ptfos.unios.hr\/NUS-PRO-FUN\/index.php\/wp-json\/wp\/v2\/comments?post=5446"}],"version-history":[{"count":5,"href":"https:\/\/www.ptfos.unios.hr\/NUS-PRO-FUN\/index.php\/wp-json\/wp\/v2\/pages\/5446\/revisions"}],"predecessor-version":[{"id":5456,"href":"https:\/\/www.ptfos.unios.hr\/NUS-PRO-FUN\/index.php\/wp-json\/wp\/v2\/pages\/5446\/revisions\/5456"}],"wp:attachment":[{"href":"https:\/\/www.ptfos.unios.hr\/NUS-PRO-FUN\/index.php\/wp-json\/wp\/v2\/media?parent=5446"}],"curies":[{"name":"wp","href":"https:\/\/api.w.org\/{rel}","templated":true}]}}