{"id":685,"date":"2018-02-26T18:50:29","date_gmt":"2018-02-26T17:50:29","guid":{"rendered":"https:\/\/www.ptfos.unios.hr\/NUS-PRO-FUN\/?page_id=685"},"modified":"2025-12-12T11:45:53","modified_gmt":"2025-12-12T10:45:53","slug":"clanovi-tima-team-members","status":"publish","type":"page","link":"https:\/\/www.ptfos.unios.hr\/NUS-PRO-FUN\/index.php\/clanovi-tima-team-members\/","title":{"rendered":"\u010clanovi tima \/ Team Members"},"content":{"rendered":"<p style=\"text-align: left;\"><span style=\"font-size: 14pt;\"><strong>\u010clanovi tima \/ Team Members:<\/strong><\/span><\/p>\n<p class=\"ba-blog-post-title\" style=\"text-align: left;\"><span style=\"font-family: georgia, palatino, serif; font-size: 12pt;\"><a href=\"http:\/\/www.ptfos.hr\/index.php\/nastavno-osoblje\/doc-dr-sc-antun-jozinovic\">izv. prof. dr. sc. Antun Jozinovi\u0107<\/a><\/span><\/p>\n<p style=\"text-align: left;\"><span style=\"font-size: 12pt; font-family: georgia, palatino, serif;\"><a href=\"https:\/\/www.ptfos.unios.hr\/index.php\/nastavno-osoblje\/prof-dr-sc-drago-subaric\">prof. dr. sc. Drago \u0160ubari\u0107<\/a><\/span><\/p>\n<p style=\"text-align: left;\"><span style=\"font-size: 12pt; font-family: georgia, palatino, serif;\"><a href=\"https:\/\/www.ptfos.unios.hr\/index.php\/nastavno-osoblje\/prof-dr-sc-jurislav-babic\">prof. dr. sc. Jurislav Babi\u0107<\/a><\/span><\/p>\n<p style=\"text-align: left;\"><span style=\"font-size: 12pt; font-family: georgia, palatino, serif;\"><a href=\"https:\/\/www.ptfos.unios.hr\/index.php\/nastavno-osoblje\/izv-prof-dr-sc-durdica-ackar\">prof. dr. sc. \u0110ur\u0111ica A\u010dkar<\/a><\/span><\/p>\n<p style=\"text-align: left;\"><span style=\"font-size: 12pt; font-family: georgia, palatino, serif;\"><a href=\"https:\/\/www.ptfos.unios.hr\/index.php\/nastavno-osoblje\/doc-dr-sc-ante-loncaric\">izv. prof. dr. sc. Ante Lon\u010dari\u0107<\/a><\/span><\/p>\n<p style=\"text-align: left;\"><span style=\"font-size: 12pt; font-family: georgia, palatino, serif;\"><a href=\"https:\/\/www.ptfos.unios.hr\/index.php\/nastavno-osoblje\/prof-dr-sc-stela-jokic\">prof. dr. sc. Stela Joki\u0107<\/a><\/span><\/p>\n<p style=\"text-align: left;\"><span style=\"font-size: 12pt; font-family: georgia, palatino, serif;\"><a href=\"https:\/\/www.ptfos.unios.hr\/index.php\/nastavno-osoblje\/doc-dr-sc-krunoslav-aladic\">izv. prof. dr. sc. Krunoslav Aladi\u0107<\/a><\/span><\/p>\n<p style=\"text-align: left;\"><span style=\"font-size: 12pt; font-family: georgia, palatino, serif;\"><a href=\"https:\/\/www.ptfos.unios.hr\/index.php\/nastavno-osoblje\/pavicic-ema\">Ema Pavi\u010di\u0107, mag. pharm.<\/a><\/span><\/p>\n<p style=\"text-align: left;\"><span style=\"font-size: 12pt; font-family: georgia, palatino, serif;\"><a href=\"https:\/\/www.ptfos.unios.hr\/index.php\/nastavno-osoblje\/snjezana-kelekovic-dipl-ing\">Snje\u017eana Kelekovi\u0107<\/a><\/span><\/p>\n<p style=\"text-align: left;\"><span style=\"font-size: 12pt; font-family: georgia, palatino, serif;\"><a href=\"https:\/\/www.ptfos.unios.hr\/index.php\/nastavno-osoblje\/izv-prof-dr-sc-ivana-flanjak\">prof. dr. sc. Ivana Flanjak<\/a><\/span><\/p>\n<p style=\"text-align: left;\"><span style=\"font-size: 12pt; font-family: georgia, palatino, serif;\"><a href=\"https:\/\/www.ptfos.unios.hr\/index.php\/nastavno-osoblje\/prof-dr-sc-dragan-kovacevic\">prof. dr.sc. Dragan Kova\u010devi\u0107<\/a><\/span><\/p>\n<p style=\"text-align: left;\"><span style=\"font-size: 12pt; font-family: georgia, palatino, serif;\"><a href=\"https:\/\/www.ptfos.unios.hr\/index.php\/nastavno-osoblje\/izv-prof-dr-sc-kresimir-mastanjevic\">prof. dr. sc. Kre\u0161imir Mastanjevi\u0107<\/a><\/span><\/p>\n<p style=\"text-align: left;\"><span style=\"font-size: 12pt; font-family: georgia, palatino, serif;\"><a href=\"https:\/\/www.ptfos.unios.hr\/index.php\/nastavno-osoblje\/doc-dr-sc-kristina-mastanjevic\">izv. prof. dr. sc. Kristina Mastanjevi\u0107<\/a><\/span><\/p>\n<p style=\"text-align: left;\"><span style=\"font-size: 12pt; font-family: georgia, palatino, serif;\"><a href=\"https:\/\/www.ptfos.unios.hr\/index.php\/nastavno-osoblje\/ana-domacinovic-dipl-ing\">Ana Doma\u0107inovi\u0107, dipl. ing.<\/a><\/span><\/p>\n<p style=\"text-align: left;\"><span style=\"font-size: 12pt; font-family: georgia, palatino, serif;\"><a href=\"https:\/\/www.ptfos.unios.hr\/index.php\/nastavno-osoblje\/prof-dr-sc-vinko-krstanovic\">prof. dr. sc. Vinko Krstanovi\u0107<\/a><\/span><\/p>\n<p style=\"text-align: left;\"><span style=\"font-size: 12pt; font-family: georgia, palatino, serif;\"><a href=\"https:\/\/www.ptfos.unios.hr\/index.php\/nastavno-osoblje\/prof-dr-sc-tihomir-moslavac\">prof. dr. sc. Tihomir Moslavac<\/a><\/span><\/p>\n<p style=\"text-align: left;\"><span style=\"font-size: 12pt; font-family: georgia, palatino, serif;\"><a href=\"https:\/\/www.ptfos.unios.hr\/index.php\/nastavno-osoblje\/prof-dr-sc-mirela-kopjar\">prof. dr. sc. Mirela Kopjar<\/a><\/span><\/p>\n<p style=\"text-align: left;\"><span style=\"font-size: 12pt; font-family: georgia, palatino, serif;\"><a href=\"https:\/\/www.ptfos.unios.hr\/index.php\/nastavno-osoblje\/izv-prof-dr-sc-anita-pichler\">prof. dr. sc. Anita Pichler<\/a><\/span><\/p>\n<p style=\"text-align: left;\"><span style=\"font-size: 12pt; font-family: georgia, palatino, serif;\"><a href=\"https:\/\/www.ptfos.unios.hr\/index.php\/nastavno-osoblje\/ivana-ivic-mag-ing-asistent\">dr. sc. Ivana Ivi\u0107<\/a><\/span><\/p>\n<p style=\"text-align: left;\"><span style=\"font-size: 12pt; font-family: georgia, palatino, serif;\"><a href=\"https:\/\/www.ptfos.unios.hr\/index.php\/nastavno-osoblje\/izv-antonija-saric\">izv. prof. dr. sc. Antonija \u0160ari\u0107<\/a><\/span><\/p>\n","protected":false},"excerpt":{"rendered":"<p>\u010clanovi tima \/ Team Members: izv. prof. dr. sc. Antun Jozinovi\u0107 prof. dr. sc. Drago \u0160ubari\u0107 prof. dr. sc. Jurislav Babi\u0107 prof. dr. sc. \u0110ur\u0111ica A\u010dkar izv. prof. dr. sc. Ante Lon\u010dari\u0107 prof. dr. sc. Stela Joki\u0107 izv. prof. dr. sc. Krunoslav Aladi\u0107 Ema Pavi\u010di\u0107, mag. pharm. Snje\u017eana Kelekovi\u0107 prof. dr. sc. Ivana Flanjak prof. &#8230; <a title=\"\u010clanovi tima \/ Team Members\" class=\"read-more\" href=\"https:\/\/www.ptfos.unios.hr\/NUS-PRO-FUN\/index.php\/clanovi-tima-team-members\/\" aria-label=\"Read more about \u010clanovi tima \/ Team Members\">Op\u0161irnije<\/a><\/p>\n","protected":false},"author":1,"featured_media":0,"parent":0,"menu_order":0,"comment_status":"closed","ping_status":"closed","template":"","meta":{"footnotes":""},"class_list":["post-685","page","type-page","status-publish"],"_links":{"self":[{"href":"https:\/\/www.ptfos.unios.hr\/NUS-PRO-FUN\/index.php\/wp-json\/wp\/v2\/pages\/685","targetHints":{"allow":["GET"]}}],"collection":[{"href":"https:\/\/www.ptfos.unios.hr\/NUS-PRO-FUN\/index.php\/wp-json\/wp\/v2\/pages"}],"about":[{"href":"https:\/\/www.ptfos.unios.hr\/NUS-PRO-FUN\/index.php\/wp-json\/wp\/v2\/types\/page"}],"author":[{"embeddable":true,"href":"https:\/\/www.ptfos.unios.hr\/NUS-PRO-FUN\/index.php\/wp-json\/wp\/v2\/users\/1"}],"replies":[{"embeddable":true,"href":"https:\/\/www.ptfos.unios.hr\/NUS-PRO-FUN\/index.php\/wp-json\/wp\/v2\/comments?post=685"}],"version-history":[{"count":11,"href":"https:\/\/www.ptfos.unios.hr\/NUS-PRO-FUN\/index.php\/wp-json\/wp\/v2\/pages\/685\/revisions"}],"predecessor-version":[{"id":5440,"href":"https:\/\/www.ptfos.unios.hr\/NUS-PRO-FUN\/index.php\/wp-json\/wp\/v2\/pages\/685\/revisions\/5440"}],"wp:attachment":[{"href":"https:\/\/www.ptfos.unios.hr\/NUS-PRO-FUN\/index.php\/wp-json\/wp\/v2\/media?parent=685"}],"curies":[{"name":"wp","href":"https:\/\/api.w.org\/{rel}","templated":true}]}}