{"id":13,"date":"2017-05-30T22:37:51","date_gmt":"2017-05-30T20:37:51","guid":{"rendered":"http:\/\/www.ptfos.unios.hr\/bio-polifenol\/?page_id=13"},"modified":"2022-10-10T10:26:38","modified_gmt":"2022-10-10T08:26:38","slug":"doktorski-diplomski-i-zavrsni-radovi","status":"publish","type":"page","link":"https:\/\/www.ptfos.unios.hr\/bio-polifenol\/?page_id=13","title":{"rendered":"Doktorski, diplomski i zavr\u0161ni radovi"},"content":{"rendered":"<p style=\"text-align: center;\"><span style=\"color: #800080;\"><strong>Doktorski radovi:<\/strong><\/span><\/p>\n<p><span style=\"color: #800080;\"><strong>Obranjene i prihva\u0107ene teme doktorskih radova:<\/strong><\/span><\/p>\n<ol>\n<li><strong>Mati\u0107, Petra;<\/strong> <em>Ravnote\u017ena i kineti\u010dka istra\u017eivanja adsorpcije polifenolnih spojeva na \u00df-glukanu<\/em>. Tema doktorskog rada prihva\u0107ena <strong>19.04.2016.<\/strong> na sjednici Senata Sveu\u010dili\u0161ta u Zagrebu. Mentori: Jakobek, L., Uki\u0107, \u0160.<\/li>\n<li><strong>\u00a0I\u0161tuk, Jozo<\/strong>;\u00a0Utjecaj <em>\u03b2<\/em>-glukana na bioraspolo\u017eivost polifenola vo\u0107a ispitivanjem kineti\u010dkih modela simuliranih probavnih procesa. Tema doktorskog rada prihva\u0107ena na Fakultetskog Vije\u0107u Prehrambeno-tehnolo\u0161kog fakulteta Osijek. Mentor: Jakobek, L<\/li>\n<\/ol>\n<p><span style=\"color: #800080;\"><strong>Obranjene doktorske disertacije<\/strong><\/span><\/p>\n<p><strong>Mati\u0107, Petra;<\/strong> <em>Ravnote\u017ena i kineti\u010dka istra\u017eivanja adsorpcije polifenolnih spojeva na \u00df-glukanu<\/em>. Doktorski rad obranjen <strong>02.06.2021. <\/strong>Mentori: Jakobek, L., Uki\u0107, \u0160.<\/p>\n<p><strong>I\u0161tuk, Jozo<\/strong>; Utjecaj \u00df-glukana na bioraspolo\u017eivost polifenola vo\u0107a ispitivanjem kineti\u010dkih modela simuliranih probavnih procesa. Doktorski rad obranjen <strong>08.09.2022.<\/strong> Mentor: Jakobek L.<\/p>\n<p>&nbsp;<\/p>\n<p style=\"text-align: center;\"><span style=\"color: #800080;\"><strong>Diplomski radovi:<\/strong><\/span><\/p>\n<p><strong>1. Maja Prskalo<\/strong>;\u00a0Istra\u017eivanje zeta potencijala modela klorogenska kiselina \u2013 \u03b2 \u2013 glukan. Obranjeno: <strong>30.06.2021.<\/strong> Mentor: Tomac I., komentor: Jakobek Barron L.<\/p>\n<p><strong>2. Dikli\u0107, Andrijana<\/strong>; Kinetika adsorpcije galne kiseline na <em>\u00df<\/em>-glukanu. Obranjeno: <strong>29.09.2020.<\/strong> Mentor: Jakobek L.<\/p>\n<p>3. <strong>Ivki\u0107, Ana<\/strong>; Odre\u0111ivanje elektrokineti\u010dkog potencijala kafeinske kiseline, <em>\u00df<\/em>-glukana i modela kafeinske kiseline &#8211; <em>\u00df<\/em>-glukan. Obranjeno: <strong>29.10.2020.<\/strong> Mentor: Tomac I.<\/p>\n<p>4.<strong> Trputac, Eva<\/strong>; Odre\u0111ivanje elektrokineti\u010dkog potencijala polifenola iz jabuke, \u03b2-glukana i modela polifenol &#8211; \u03b2-glukan.\u00a0Obranjeno: <strong>17.07.2020<\/strong>. Mentor: Tomac I.<\/p>\n<p>5. <strong>Markovi\u0107, Tamara<\/strong>; Odre\u0111ivanje elektrokineti\u010dkog potencijala otopine katehina, otopine \u03b2-glukana i modela katehina i \u03b2-glukan. Obranjeno: <strong>17.07.2020<\/strong>. Mentor: Tomac I.<\/p>\n<p><strong>6. Ivankovi\u0107, Ana<\/strong>; <em>Odre\u0111ivanje elektrokineti\u010dkog potencijala otopine 4-hidroksibenzojeve kiseline, otopine beta-glukana i modela 4-hidroksibenzojeve kiseline i beta-glukan<\/em>. Obranjeno: <strong>27.09.2019<\/strong>. Mentor: Tomac I., komentor: Jakobek Barron L.<\/p>\n<p>7.<strong> Jeli\u0107, Josipa<\/strong>: <em>Odre\u0111ivanje elektrokineti\u010dkog potencijala otopine galne kiseline, otopine beta-glukana i modela galne kiseline i beta-glukan<\/em>. Obranjeno: <strong>27.09.2019<\/strong>. Mentor: Tomac I., komentor: Jakobek Barron L.<\/p>\n<p>8. <strong>Glava\u0161, Mirjana<\/strong>: <em>Odre\u0111ivanje elektrokineti\u010dkog potencijala otopine rutina, otopine beta-glukana i modela rutina i beta-glukan<\/em>. Obranjeno: <strong>27.09.2019<\/strong>. Mentor: Tomac I., komentor: Jakobek Barron L.<\/p>\n<p>9.<strong> Perkovi\u0107, Gabriela<\/strong>; <em>Kinetika adsorpcije polifenola jabuke na \u00df-glukanu<\/em>. Obranjeno: <strong>11.06.2019<\/strong>. Mentor: Jakobek Barron L.<\/p>\n<p>10.<strong> Kraljevi\u0107, \u0160ima<\/strong>; <em>Adsorpcija derivata kvercetina na <\/em><em>b-glukan<\/em>. Prehrambeno-tehnolo\u0161ki fakultet Osijek. Obranjen <strong>19.12.2017.<\/strong> Voditelj: Jakobek Barron L., neposredni voditelj: Mati\u0107, P.<\/p>\n<p>11.<strong> Kre\u0161i\u0107, Vedrana<\/strong>; <em>Adsorpcija polifenolnih spojeva iz jabuke na <\/em><em>\u00df-glukanu<\/em>. Prehrambeno-tehnolo\u0161ki fakultet Osijek. Obranjen <strong>14.07.2017.<\/strong> Voditelj: Jakobek Barron L., neposredni voditelj: Mati\u0107, P.<\/p>\n<p>&nbsp;<\/p>\n<p style=\"text-align: center;\"><span style=\"color: #800080;\"><strong>Zavr\u0161ni radov<\/strong>i:<\/span><\/p>\n<p>1.<b>\u00a0Anita Tu\u010dek<\/b>; <em>Kvalitativna i kvantitativna analiza galne kiseline UV-Vis spektrofotometrijom<\/em>. Obranjeno: <strong>24.09.2020.<\/strong>\u00a0Prehrambeno-tehnolo\u0161ki fakultet Osijek. Voditelj: Tomac, I.<\/p>\n<p>2.<strong> Grgi\u0107, Kristina<\/strong>; <em>Antimikrobna ambala\u017ea s polifenolima kao aktivnim tvarima<\/em>. Obranjeno: <strong>22.09.2020.<\/strong>\u00a0Prehrambeno-tehnolo\u0161ki fakultet Osijek. Voditelj: Jakobek Barron, L.<\/p>\n<p>3. <strong>Lame\u0161i\u0107, Sandra<\/strong>; <em>Antimikrobna ambala\u017ea za pakiranje vo\u0107a<\/em>.\u00a0Obranjeno: <strong>21.09.2020.<\/strong>\u00a0Prehrambeno-tehnolo\u0161ki fakultet Osijek. Voditelj: Jakobek Barron, L.<\/p>\n<p>4. <strong>Matea Slobo\u0111an<\/strong>;\u00a0Ambala\u017ea za pakiranje proizvoda od bazge.\u00a0Obranjeno: <strong>18.09.2020.<\/strong>\u00a0Prehrambeno-tehnolo\u0161ki fakultet Osijek. Voditelj: Tomac, I.<\/p>\n<p>5.<strong> Magdalena Mlinac<\/strong>;\u00a0UV-Vis spektroskopija otopina rutina, galne kiseline, 4-hidroksibenzojeve kiseline i beta-glukana.\u00a0Obranjeno: <strong>18.09.2020.<\/strong>\u00a0Prehrambeno-tehnolo\u0161ki fakultet Osijek. Voditelj: Tomac, I.<\/p>\n<p>6.<strong> Kova\u010devi\u0107 Ivana<\/strong>; <em>Kemijska ravnote\u017ea<\/em>. Obranjeno: <strong>11.09.2020.<\/strong> Prehrambeno-tehnolo\u0161ki fakultet Osijek. Voditelj: Jakobek Barron, L.<\/p>\n<p>7.<strong> Gjerek Anela<\/strong>; <em>Primjena kolorimetrije u odre\u0111ivanju sadr\u017eaja beta-glukana u hrani<\/em>. Obranjeno: <strong>06.09.2019.<\/strong> Prehrambeno-tehnolo\u0161ki fakultet Osijek. Voditelj: Tomac, I.<\/p>\n<p>8. <strong>Bratu\u0161evac Petra<\/strong>; <em>Kvalitativna i kvantitativna analiza p-hidroksibenzojeve kiseline UV-Vis spektrofotometrijom.<\/em> Obranjeno: <strong>02.09.2019.<\/strong> Prehrambeno-tehnolo\u0161ki fakultet Osijek. Voditelj: Tomac, I.<\/p>\n<p><strong>9. Prskalo Maja<\/strong>; <em>Ambala\u017ea za pakiranje proizvoda od aronije<\/em>. Obranjeno: <strong>19.07.2019<\/strong>. Prehrambeno-tehnolo\u0161ki fakultet Osijek.Voditelj: Tomac, I.<\/p>\n<p>10. <strong>Jurani\u0107 Zorica<\/strong>; <em>Pakiranje \u017eitarica za doru\u010dak<\/em>. Obranjeno <strong>28.09.2018<\/strong>. Prehrambeno-tehnolo\u0161ki fakultet Osijek. Voditelj: Tomac, I.<\/p>\n<p>11.<strong> Biland\u017eija Tena<\/strong>; <em>Pakiranje dodataka prehrani za ja\u010danje imuniteta na osnovi beta-glukana<\/em>. Prehrambeno-tehnolo\u0161ki fakultet Osijek. Obranjeno <strong>24.09.2018<\/strong>. Voditelj: Tomac, I.<\/p>\n<p>12. <strong>Radman Ivana<\/strong>; <em>Povr\u0161inski aktivne molekule<\/em>. Prehrambeno-tehnolo\u0161ki fakultet Osijek. Obranjeno <strong>06.09.2018<\/strong>. Voditelj: Jakobek Barron L.<\/p>\n<p>13.<strong> Brki\u0107, Sanja<\/strong>; <em>Primjena procesa adsorpcije<\/em>. Prehrambeno-tehnolo\u0161ki fakultet Osijek. Obranjen <strong>21.09.2017<\/strong>. Voditelj: Jakobek Barron L.<\/p>\n<p>14. <strong>Perkovi\u0107 Gabriela<\/strong>; <em>Adsorpcija polifenola na \u00df-glukanu<\/em>. Prehrambeno-tehnolo\u0161ki fakultet Osijek. Obranjeno<strong> 29.09.2017.<\/strong> Voditelj: Jakobek Barron L.<\/p>\n<p>&nbsp;<\/p>\n<p>&nbsp;<\/p>\n<p>&nbsp;<\/p>\n<p><strong>\u00a0<\/strong><\/p>\n<p>&nbsp;<\/p>\n<p>&nbsp;<\/p>\n<p>&nbsp;<\/p>\n<p>&nbsp;<\/p>\n<p>&nbsp;<\/p>\n<p>&nbsp;<\/p>\n<p>&nbsp;<\/p>\n<p>&nbsp;<\/p>\n<p>&nbsp;<\/p>\n","protected":false},"excerpt":{"rendered":"<p>Doktorski radovi: Obranjene i prihva\u0107ene teme doktorskih radova: Mati\u0107, Petra; Ravnote\u017ena i kineti\u010dka istra\u017eivanja adsorpcije polifenolnih spojeva na \u00df-glukanu. Tema doktorskog rada prihva\u0107ena 19.04.2016. na sjednici Senata Sveu\u010dili\u0161ta u Zagrebu. Mentori: Jakobek, L., Uki\u0107, \u0160. \u00a0I\u0161tuk, Jozo;\u00a0Utjecaj \u03b2-glukana na bioraspolo\u017eivost polifenola vo\u0107a ispitivanjem kineti\u010dkih modela simuliranih probavnih procesa. Tema doktorskog rada prihva\u0107ena na Fakultetskog Vije\u0107u &#8230; <a title=\"Doktorski, diplomski i zavr\u0161ni radovi\" class=\"read-more\" href=\"https:\/\/www.ptfos.unios.hr\/bio-polifenol\/?page_id=13\" aria-label=\"Read more about Doktorski, diplomski i zavr\u0161ni radovi\">Op\u0161irnije<\/a><\/p>\n","protected":false},"author":1,"featured_media":0,"parent":0,"menu_order":0,"comment_status":"closed","ping_status":"closed","template":"","meta":{"generate_page_header":"","footnotes":""},"class_list":["post-13","page","type-page","status-publish"],"_links":{"self":[{"href":"https:\/\/www.ptfos.unios.hr\/bio-polifenol\/index.php?rest_route=\/wp\/v2\/pages\/13","targetHints":{"allow":["GET"]}}],"collection":[{"href":"https:\/\/www.ptfos.unios.hr\/bio-polifenol\/index.php?rest_route=\/wp\/v2\/pages"}],"about":[{"href":"https:\/\/www.ptfos.unios.hr\/bio-polifenol\/index.php?rest_route=\/wp\/v2\/types\/page"}],"author":[{"embeddable":true,"href":"https:\/\/www.ptfos.unios.hr\/bio-polifenol\/index.php?rest_route=\/wp\/v2\/users\/1"}],"replies":[{"embeddable":true,"href":"https:\/\/www.ptfos.unios.hr\/bio-polifenol\/index.php?rest_route=%2Fwp%2Fv2%2Fcomments&post=13"}],"version-history":[{"count":0,"href":"https:\/\/www.ptfos.unios.hr\/bio-polifenol\/index.php?rest_route=\/wp\/v2\/pages\/13\/revisions"}],"wp:attachment":[{"href":"https:\/\/www.ptfos.unios.hr\/bio-polifenol\/index.php?rest_route=%2Fwp%2Fv2%2Fmedia&parent=13"}],"curies":[{"name":"wp","href":"https:\/\/api.w.org\/{rel}","templated":true}]}}