{"id":152,"date":"2017-10-04T12:38:00","date_gmt":"2017-10-04T10:38:00","guid":{"rendered":"http:\/\/www.ptfos.unios.hr\/bio-polifenol\/?page_id=152"},"modified":"2018-02-17T21:02:01","modified_gmt":"2018-02-17T20:02:01","slug":"152-2","status":"publish","type":"page","link":"https:\/\/www.ptfos.unios.hr\/bio-polifenol\/?page_id=152","title":{"rendered":""},"content":{"rendered":"<p><strong>Project<\/strong>: The influence of dietary fiber on bioaccessibility of polyphenols by studying adsorption and simulated digestion processes, <em>in vitro<\/em><\/p>\n<p><strong>Financing<\/strong>: Croatian Science Fundation<\/p>\n<p><strong>Project duration<\/strong>: March 1<sup>st<\/sup> 2017 to February 28<sup>th<\/sup> 2021.<\/p>\n<p><strong>Project leader<\/strong>: PhD Lidija Jakobek Barron, associate professor<\/p>\n<p><strong>Research group<\/strong>:<\/p>\n<ul>\n<li>Petra Mati\u0107, B.Sc., Faculty of Food Technology Osijek, J. J. Strossmayer University Osijek<\/li>\n<li>Ivana Tomac, Ph.D., postdoc student, Faculty of Food Technology Osijek, J. J. Strossmayer University of Osijek<\/li>\n<li>\u0160ime Uki\u0107, Ph.D., Associate Professor, Faculty of Chemical Engineering and Technology, University of Zagreb<\/li>\n<li>Martina Skendrovi\u0107 Babojeli\u0107, PhD, Associate Professor, Faculty of Agronomy, University of Zagreb<\/li>\n<li>Hrvoje Gebavi, Ph.D., Research Associate, Ru\u0111er Bo\u0161kovi\u0107 Institute; Division of Materials Physics; Molecular Physics Laboratory, Zagreb<\/li>\n<li>Andrew Barron, Ph.D., Full Professor, Department of Statistics and Data Science, Yale University, USA.<\/li>\n<\/ul>\n","protected":false},"excerpt":{"rendered":"<p>Project: The influence of dietary fiber on bioaccessibility of polyphenols by studying adsorption and simulated digestion processes, in vitro Financing: Croatian Science Fundation Project duration: March 1st 2017 to February 28th 2021. Project leader: PhD Lidija Jakobek Barron, associate professor Research group: Petra Mati\u0107, B.Sc., Faculty of Food Technology Osijek, J. J. Strossmayer University Osijek &#8230; <a title=\"\" class=\"read-more\" href=\"https:\/\/www.ptfos.unios.hr\/bio-polifenol\/?page_id=152\" aria-label=\"Read more about \">Op\u0161irnije<\/a><\/p>\n","protected":false},"author":1,"featured_media":0,"parent":0,"menu_order":0,"comment_status":"closed","ping_status":"closed","template":"","meta":{"generate_page_header":"","footnotes":""},"class_list":["post-152","page","type-page","status-publish"],"_links":{"self":[{"href":"https:\/\/www.ptfos.unios.hr\/bio-polifenol\/index.php?rest_route=\/wp\/v2\/pages\/152","targetHints":{"allow":["GET"]}}],"collection":[{"href":"https:\/\/www.ptfos.unios.hr\/bio-polifenol\/index.php?rest_route=\/wp\/v2\/pages"}],"about":[{"href":"https:\/\/www.ptfos.unios.hr\/bio-polifenol\/index.php?rest_route=\/wp\/v2\/types\/page"}],"author":[{"embeddable":true,"href":"https:\/\/www.ptfos.unios.hr\/bio-polifenol\/index.php?rest_route=\/wp\/v2\/users\/1"}],"replies":[{"embeddable":true,"href":"https:\/\/www.ptfos.unios.hr\/bio-polifenol\/index.php?rest_route=%2Fwp%2Fv2%2Fcomments&post=152"}],"version-history":[{"count":0,"href":"https:\/\/www.ptfos.unios.hr\/bio-polifenol\/index.php?rest_route=\/wp\/v2\/pages\/152\/revisions"}],"wp:attachment":[{"href":"https:\/\/www.ptfos.unios.hr\/bio-polifenol\/index.php?rest_route=%2Fwp%2Fv2%2Fmedia&parent=152"}],"curies":[{"name":"wp","href":"https:\/\/api.w.org\/{rel}","templated":true}]}}