{"id":162,"date":"2017-10-04T12:43:12","date_gmt":"2017-10-04T10:43:12","guid":{"rendered":"http:\/\/www.ptfos.unios.hr\/bio-polifenol\/?page_id=162"},"modified":"2018-02-17T21:02:55","modified_gmt":"2018-02-17T20:02:55","slug":"researchers","status":"publish","type":"page","link":"https:\/\/www.ptfos.unios.hr\/bio-polifenol\/?page_id=162","title":{"rendered":"Researchers"},"content":{"rendered":"<ol>\n<li><strong>Petra Mati\u0107, B.Sc.<\/strong>, Faculty of Food Technology Osijek, J. J. Strossmayer University Osijek<\/li>\n<\/ol>\n<p style=\"padding-left: 90px;\"><strong><a href=\"https:\/\/bib.irb.hr\/lista-radova?autor=343773&amp;lang=EN\">Link to CROSBI profile<\/a><\/strong><\/p>\n<p style=\"padding-left: 90px;\"><strong><a href=\"https:\/\/scholar.google.hr\/citations?user=GHG0cL4AAAAJ&amp;hl=en\">Link to google schoolar profile<\/a><\/strong><\/p>\n<p style=\"padding-left: 90px;\"><strong><a href=\"http:\/\/www.ptfos.unios.hr\/index.php\/zaposlenici\/38-zaposlenici\/nastavno-osoblje\/8342-petra-krivak\">Web page<\/a><\/strong><\/p>\n<ol start=\"2\">\n<li><strong>Ivana Tomac, Ph.D.<\/strong>, postdoc student, Faculty of Food Technology Osijek, J. J. Strossmayer University of Osijek<\/li>\n<\/ol>\n<p style=\"padding-left: 90px;\"><strong><a href=\"https:\/\/bib.irb.hr\/lista-radova?autor=313586&amp;lang=EN\">Link to CROSBI profile<\/a>: <\/strong><\/p>\n<p style=\"padding-left: 90px;\"><strong><a href=\"https:\/\/scholar.google.com\/citations?hl=en&amp;user=zXdl_ZoAAAAJ\">Link to google schoolar profile<\/a><\/strong><\/p>\n<p style=\"padding-left: 90px;\"><strong><a href=\"http:\/\/www.ptfos.unios.hr\/index.php\/zavod-za-primijenjenu-kemiju-i-ekologiju\/38-zaposlenici\/nastavno-osoblje\/1945-ivana-tomac\">Web page<\/a><\/strong><\/p>\n<ol start=\"3\">\n<li><strong>\u0160ime Uki\u0107, Ph.D.<\/strong>, Associate Professor, Faculty of Chemical Engineering and Technology, University of Zagreb<\/li>\n<\/ol>\n<p style=\"padding-left: 90px;\"><strong><a href=\"https:\/\/bib.irb.hr\/lista-radova?autor=268476&amp;lang=EN\">Link to CROSBI profile<\/a><\/strong><\/p>\n<p style=\"padding-left: 90px;\"><strong><a href=\"https:\/\/scholar.google.hr\/citations?hl=hr&amp;view_op=list_works&amp;continue=\/scholar%3Fhl%3Dhr%26as_sdt%3D0,5%26sciupd%3D1%26scilib%3D1%26scioq%3D%25C5%25A1ime%2Buki%25C4%2587&amp;user=Y2BoG10AAAAJ\">Link to google schoolar profile<\/a><\/strong><\/p>\n<ol start=\"4\">\n<li><strong>Martina Skendrovi\u0107 Babojeli\u0107, PhD<\/strong>, Associate Professor, Faculty of Agronomy, University of Zagreb<\/li>\n<\/ol>\n<p style=\"padding-left: 90px;\"><strong><a href=\"https:\/\/bib.irb.hr\/lista-radova?autor=258012&amp;lang=EN\">Link to CROSBI profile<\/a><\/strong><\/p>\n<p style=\"padding-left: 90px;\"><strong><a href=\"https:\/\/scholar.google.hr\/citations?user=u_XgmWEAAAAJ&amp;hl=hr\">Link to google schoolar profile<\/a><\/strong><\/p>\n<p style=\"padding-left: 90px;\"><strong><a href=\"http:\/\/www.agr.unizg.hr\/hr\/address-book\/384\/martina-skendrovi%C4%87_babojeli%C4%87\">Web page<\/a><\/strong><\/p>\n<ol start=\"5\">\n<li><strong>Hrvoje Gebavi, Ph.D.<\/strong>, Research Associate, Ru\u0111er Bo\u0161kovi\u0107 Institute; Division of Materials Physics; Molecular Physics Laboratory, Zagreb<\/li>\n<\/ol>\n<p style=\"padding-left: 90px;\"><strong><a href=\"https:\/\/bib.irb.hr\/lista-radova?autor=333252&amp;lang=EN\">Link to CROSBI profile<\/a><\/strong><\/p>\n<p style=\"padding-left: 90px;\"><strong><a href=\"http:\/\/www.irb.hr\/eng\/People\/Hrvoje-Gebavi\">Web page<\/a><\/strong><\/p>\n<ol start=\"6\">\n<li><strong>Andrew Barron, Ph.D.<\/strong>, Full Professor, Department of Statistics and Data Science, Yale University, USA<\/li>\n<\/ol>\n<p style=\"padding-left: 90px;\"><strong><a href=\"https:\/\/scholar.google.hr\/citations?user=JcaWZAQAAAAJ&amp;hl=hr&amp;oi=ao\">Link to google schoolar profile<\/a><\/strong><\/p>\n<p style=\"padding-left: 90px;\"><strong><a href=\"http:\/\/www.stat.yale.edu\/~arb4\/vita.htm\">Web page<\/a><\/strong><\/p>\n<ol start=\"7\">\n<li><strong>Lidija Jakobek Barron, Ph.D.<\/strong>, Associate Professor, \u00a0Faculty of Food Technology Osijek, J. J. Strossmayer University of Osijek<\/li>\n<\/ol>\n<p style=\"padding-left: 90px;\"><strong><a href=\"http:\/\/bib.irb.hr\/lista-radova?autor=243274&amp;lang=EN\">Link to CROSBI profile<\/a><\/strong><\/p>\n<p style=\"padding-left: 90px;\"><strong><a href=\"https:\/\/scholar.google.hr\/citations?user=d5m6i_sAAAAJ&amp;hl=hr&amp;oi=ao\">Link to google schoolar profile<\/a><\/strong><\/p>\n<p style=\"padding-left: 90px;\"><strong><a href=\"http:\/\/www.ptfos.unios.hr\/index.php\/zaposlenici\/38-zaposlenici\/nastavno-osoblje\/117-lidija-jakobek\">Web page<\/a><\/strong><\/p>\n","protected":false},"excerpt":{"rendered":"<p>Petra Mati\u0107, B.Sc., Faculty of Food Technology Osijek, J. J. Strossmayer University Osijek Link to CROSBI profile Link to google schoolar profile Web page Ivana Tomac, Ph.D., postdoc student, Faculty of Food Technology Osijek, J. J. Strossmayer University of Osijek Link to CROSBI profile: Link to google schoolar profile Web page \u0160ime Uki\u0107, Ph.D., Associate &#8230; <a title=\"Researchers\" class=\"read-more\" href=\"https:\/\/www.ptfos.unios.hr\/bio-polifenol\/?page_id=162\" aria-label=\"Read more about Researchers\">Op\u0161irnije<\/a><\/p>\n","protected":false},"author":1,"featured_media":0,"parent":0,"menu_order":0,"comment_status":"closed","ping_status":"closed","template":"","meta":{"generate_page_header":"","footnotes":""},"class_list":["post-162","page","type-page","status-publish"],"_links":{"self":[{"href":"https:\/\/www.ptfos.unios.hr\/bio-polifenol\/index.php?rest_route=\/wp\/v2\/pages\/162","targetHints":{"allow":["GET"]}}],"collection":[{"href":"https:\/\/www.ptfos.unios.hr\/bio-polifenol\/index.php?rest_route=\/wp\/v2\/pages"}],"about":[{"href":"https:\/\/www.ptfos.unios.hr\/bio-polifenol\/index.php?rest_route=\/wp\/v2\/types\/page"}],"author":[{"embeddable":true,"href":"https:\/\/www.ptfos.unios.hr\/bio-polifenol\/index.php?rest_route=\/wp\/v2\/users\/1"}],"replies":[{"embeddable":true,"href":"https:\/\/www.ptfos.unios.hr\/bio-polifenol\/index.php?rest_route=%2Fwp%2Fv2%2Fcomments&post=162"}],"version-history":[{"count":0,"href":"https:\/\/www.ptfos.unios.hr\/bio-polifenol\/index.php?rest_route=\/wp\/v2\/pages\/162\/revisions"}],"wp:attachment":[{"href":"https:\/\/www.ptfos.unios.hr\/bio-polifenol\/index.php?rest_route=%2Fwp%2Fv2%2Fmedia&parent=162"}],"curies":[{"name":"wp","href":"https:\/\/api.w.org\/{rel}","templated":true}]}}