{"id":170,"date":"2017-10-04T12:47:08","date_gmt":"2017-10-04T10:47:08","guid":{"rendered":"http:\/\/www.ptfos.unios.hr\/bio-polifenol\/?page_id=170"},"modified":"2022-10-10T10:23:49","modified_gmt":"2022-10-10T08:23:49","slug":"journal-and-conference-publications","status":"publish","type":"page","link":"https:\/\/www.ptfos.unios.hr\/bio-polifenol\/?page_id=170","title":{"rendered":"Journal and conference publications"},"content":{"rendered":"<p><span style=\"color: #800080;\"><strong>Journal publications:<\/strong><\/span><\/p>\n<ol>\n<li>Jakobek, L., Strelec, I., Kenjeri\u0107, D., \u0160oher, L., Tomac, I., Mati\u0107, P. (2022). Simulated gastric and intestinal fluid electrolyte solutions as an environment for the adsorption of apple polyphenols onto \u00df-glucan. Molecules, 27 (19), 6683.\u00a0<a href=\"https:\/\/www.mdpi.com\/1420-3049\/27\/19\/6683\">https:\/\/www.mdpi.com\/1420-3049\/27\/19\/6683<\/a><\/li>\n<li>I\u0161tuk, J., Jakobek, L. (2021). Determination of polyphenols bioaccessibility by <em>in vitro<\/em> gastrointestinal digestion of apple peel. Hrana u zdravlju i bolesti, 10(2), 45-52.\u00a0<a href=\"https:\/\/hrcak.srce.hr\/file\/391037\">https:\/\/hrcak.srce.hr\/file\/391037<\/a><\/li>\n<li>Mati\u0107, P., Uki\u0107, \u0160., Jakobek L. (2021).\u00a0<em>Interactions of phenolic acids and \u00df-glucan: studies of adsorption isotherms and thermodynamics<\/em>. Chemical and Biochemical Engineering quarterly, 35 (2), 177-187.<\/li>\n<li>Jakobek, L., I\u0161tuk, J., Mati\u0107, P., Skendrovi\u0107 Babojeli\u0107, M. (2021). <em>Interactions of polyphenols from traditional apple varieties Bobovac, Ljepocvjetka and Crvenka with b-Glucan during in Vitro simulated digestion<\/em>. Food Chemistry, 363, 130283.\u00a0<a href=\"https:\/\/doi.org\/10.1016\/j.foodchem.2021.130283\">https:\/\/doi.org\/10.1016\/j.foodchem.2021.130283<\/a><\/li>\n<li>Jakobek, L., I\u0161tuk, J., Mati\u0107, P., Barron, A.R. (2021).<em> Study of interactions between individual polyphenols of aronia with barley b-glucan<\/em>. Polish Journal of Food and Nutrition Sciences, 71 (2), 187-196. <a href=\"http:\/\/journal.pan.olsztyn.pl\/Study-of-Interactions-Between-Individual-Phenolics-of-Aronia-with-Barley-Beta-Glucan,136051,0,2.html\">http:\/\/journal.pan.olsztyn.pl\/Study-of-Interactions-Between-Individual-Phenolics-of-Aronia-with-Barley-Beta-Glucan,136051,0,2.html<\/a><\/li>\n<li>Mati\u0107, P., Jakobek, L. (2021). <em>Spectrophotometric Folin-Ciocalteu and Aluminum Chloride method validation for determination of phenolic acids, flavan-3-ols, flavonols and anthocyanins<\/em>. Croatian Journal of Food Science and Technology, 13, 2, in press.\u00a0<a href=\"http:\/\/www.ptfos.unios.hr\/novicjfst\/wp-content\/uploads\/2021\/06\/CJFST-20-69_online.pdf\">CJFST-20-69_online.pdf (unios.hr)<\/a><\/li>\n<li>I\u0161tuk, J., \u0160ubari\u0107, D., Jakobek, L. (2020).\u00a0<em>Methodology for determination of polyphenol bioaccessibility<\/em>. Croatian Journal of Food Science and Technology, 12(2), 268-279, <a href=\"http:\/\/www.ptfos.unios.hr\/novicjfst\/wp-content\/uploads\/2020\/12\/rad-ISTUK.pdf\">rad-ISTUK.pdf (unios.hr)<\/a><\/li>\n<li>Jakobek, L., Buljeta, I., I\u0161tuk, J., Barron, AR. (2020). <em>Polyphenols of traditional apple varieties in interaction with barley b-glucan: a study of the adsorption process<\/em>. Foods, 9(9), 1278,\u00a0<a href=\"https:\/\/www.mdpi.com\/2304-8158\/9\/9\/1278\/htm\">https:\/\/www.mdpi.com\/2304-8158\/9\/9\/1278\/htm.<\/a><\/li>\n<li>Jakobek, L., I\u0161tuk, J., Buljeta, I., Vo\u0107a, S., \u0160ic \u017dlabur, J., Lesi\u010dar, J., Skendrovi\u0107 Babojeli\u0107, M. (2020). P<em>olyphenol content, profile and distribution in old, traditional apple varieties<\/em>. Croatian Journal of Food Science and Technology. 12, 110-117.\u00a0<a href=\"http:\/\/www.ptfos.unios.hr\/novicjfst\/wp-content\/uploads\/2020\/06\/13_LIDIJA-JAKOBEK.pdf\">http:\/\/www.ptfos.unios.hr\/novicjfst\/wp-content\/uploads\/2020\/06\/13_LIDIJA-JAKOBEK.pdf<\/a><\/li>\n<li>Jakobek, L., Mati\u0107, P., Kraljevi\u0107, \u0160, Uki\u0107, \u0160., Ben\u0161i\u0107, M., Barron A.R. (2020). <em>Adsorption between quercetin derivatives and b-glucan studied with a novel approach to modeling adsorption isotherms<\/em>. Applied sciences, 10 (5), 1637.\u00a0<a href=\"https:\/\/www.mdpi.com\/2076-3417\/10\/5\/1637\">https:\/\/www.mdpi.com\/2076-3417\/10\/5\/1637<\/a><\/li>\n<li>Jakobek, L., I\u0161tuk, J., Buljeta, I., Vo\u0107a, S., \u0160ic \u017dlabur J., Skendrovi\u0107 Babojeli\u0107, M. (2020). <em>Traditional, indigenous apple varieties, a fruit with potential for beneficial effects: Their quality traits and bioactive polyphenol contents<\/em>. Foods<em>,<\/em> <strong>9, <\/strong>1; 52. 20.\u00a0<a href=\"https:\/\/www.mdpi.com\/2304-8158\/9\/1\/52\/html\">https:\/\/www.mdpi.com\/2304-8158\/9\/1\/52<\/a><\/li>\n<li>Jakobek, L., Mati\u0107, P. (2019). <em>Non-covalent dietary fiber \u2013 polyphenol interactions and their influence on polyphenol bioaccessibility<\/em>. Trends in Food Science and Technology, 83, 235-247.\u00a0<a href=\"https:\/\/www.sciencedirect.com\/science\/article\/abs\/pii\/S0924224418302693\">https:\/\/www.sciencedirect.com\/science\/article\/abs\/pii\/S0924224418302693<\/a><\/li>\n<li>Barron, A., Ben\u0161i\u0107, M., Sabo, K. A note on weighted least square distribution fitting and full standardization of the empirical distribution function. Test, 27, 946-967.<\/li>\n<li>Mati\u0107, P., Uki\u0107, \u0160., Jakobek, L. (2018). <em>An equilibrium and kinetic study of phenolic acids adsorption onto <\/em><em>b-glucan<\/em>. Croatian Journal of Food Science and Technology, 10, 73-80.\u00a0<a href=\"http:\/\/www.ptfos.unios.hr\/novicjfst\/wp-content\/uploads\/2018\/05\/03_13_CJFST-18-13.pdf\">http:\/\/www.ptfos.unios.hr\/novicjfst\/wp-content\/uploads\/2018\/05\/03_13_CJFST-18-13.pdf<\/a><\/li>\n<li>Jakobek, L., Mati\u0107, P., Kre\u0161i\u0107, V., Barron, A.R. (2017).\u00a0<em>Adsorption of apple polyphenols onto\u00a0\u00df-glucan<\/em>. Czech Journal of Food Sciences, 35, 476-482.\u00a0<a href=\"https:\/\/www.agriculturejournals.cz\/publicFiles\/75_2017-CJFS.pdf\">https:\/\/www.agriculturejournals.cz\/publicFiles\/75_2017-CJFS.pdf<\/a><\/li>\n<li>Mati\u0107, P., Sablji\u0107, M., Jakobek, L. (2017). <em>Validation of spectrophotometric methods for the determination of total polyphenol and total flavonoid content<\/em>. Journal of AOAC International, 100, 1795-1803.\u00a0<a href=\"https:\/\/academic.oup.com\/jaoac\/article\/100\/6\/1795\/5654257\">https:\/\/academic.oup.com\/jaoac\/article\/100\/6\/1795\/5654257<\/a><strong><br \/>\n<\/strong><\/li>\n<\/ol>\n<p><span style=\"color: #800080;\"><strong>Professional publications:<\/strong><\/span><\/p>\n<ol>\n<li>Jakobek, L. (2019). F<em>ood packaging materials with polyphenols as active compounds<\/em>. Meso, 5, 469-474.\u00a0<a href=\"https:\/\/hrcak.srce.hr\/index.php?show=clanak&amp;id_clanak_jezik=330116\">https:\/\/hrcak.srce.hr\/index.php?show=clanak&amp;id_clanak_jezik=330116<\/a><\/li>\n<li>Jakobek, L. (2020). Novi trendovi u pakiranju mesa &#8211; biopolimeri s inkorporiranim polifenolnim spojevima. Meso, 1, 75-81.\u00a0<a href=\"https:\/\/hrcak.srce.hr\/index.php?show=clanak&amp;id_clanak_jezik=340835\">https:\/\/hrcak.srce.hr\/index.php?show=clanak&amp;id_clanak_jezik=340835<\/a><\/li>\n<\/ol>\n<p><span style=\"color: #800080;\"><strong>Publications in Conference Proceedings:<\/strong><\/span><\/p>\n<ol>\n<li>I\u0161tuk, J., Jakobek, L., Strelec, I. (2021). Inhibition of \u03b1-glucosidase by polyphenols present in traditional apples varieties. Proceedings of the International Conference 18th Ru\u017ei\u010dka days \u201eToday Science &#8211; Tomorrow Industry\u201c, Vukovar, Croatia, 94-103.<\/li>\n<li>Mati\u0107, P., Jakobek, L. (2020). <em>Adsorption of individual polyphenol groups from apples onto \u00df-glucan<\/em>. Proceedings of XIII Conference of Chemists, Technologists and Environmentalists of Republic of Srpska.<\/li>\n<li>Mati\u0107, P., Jakobek, L. (2018). <em>Adsorption of dihydrochalcones onto \u03b2-glucan<\/em>. Proceedings of the International Conference 17th Ru\u017ei\u010dka days \u201eToday Science &#8211; Tomorrow Industry\u201c, Vukovar, Croatia, 72-81.<\/li>\n<\/ol>\n<p><span style=\"color: #800080;\"><strong>Accepted publications:<\/strong><\/span><\/p>\n<ol>\n<li>Jakobek, L., I\u0161tuk, J., Tomac, I., Mati\u0107, P. (2022). \u00df-glucan and Aronia (<em>Aronia melanocarpa<\/em>) phenolics: Interactions during i<em>n vitro<\/em> simulated gastrointestinal digestion and adsorption. Polish Journal of Food and Nutrition Sciences (accepted).<\/li>\n<\/ol>\n<p><strong><span style=\"color: #800080;\">Journal\u00a0<\/span><\/strong><strong><span style=\"color: #800080;\">publications under review:<\/span><\/strong><\/p>\n<ol>\n<li><\/li>\n<\/ol>\n<p><span style=\"color: #800080;\"><strong>International conferences:<\/strong><\/span><\/p>\n<ol>\n<li>Mati\u0107, P., I\u0161tuk, J., Jakobek, L. Adsorption study of polyphenols from apples and b-glucan from barley. XIV Meeting of Young Chemical Engineers, 24.-25. February 2022., Zagreb, Croatia.<\/li>\n<li>Skendrovi\u0107 Babojeli\u0107, M., Mati\u0107, P., I\u0161tuk, J., Vo\u0107a, S., \u0160ic \u017dlabur, J., Jakobek, L. Physico-chemical properties of traditional apple cultivars. 56th Croatian and 16th International Symposium on Agriculture, 5.-10. September 2021., Vodice, Croatia.<\/li>\n<li>I\u0161tuk, J.,\u00a0 Mati\u0107, P., Tomac, I., Strelec, I., Jakobek, L. Inhibition of alpha-amylase by polyphenols present in the peel of traditional, indigenous apple varieties. 56th Croatian and 16th International Symposium on Agriculture, 5.-10. September 2021., Vodice, Croatia.<\/li>\n<li>I\u0161tuk, J., Jakobek, L. Determination of polyphenols bioaccessibility by in vitro gastrointestinal digestion of apple peel. 13th International Scientific and Professional Conference With Food to Health, 16.-17. September 2021., Osijek, Croatia.<\/li>\n<li>Tomac, I., Mati\u0107, P., I\u0161tuk, J., Jakobek, L. Zeta potential of some hydroxycinnamic acids. 1st Greenering International Conference, 15-16. February 2021., Caparica, Portugal.<\/li>\n<li>Mati\u0107, P., Jakobek, L. (2021). Chemical structure of phenolic acids during the adsorption process onto b-glucan. 1st Greenering International Conference. 15-16. February 2021., Caparica, Portugal.<\/li>\n<li>Mati\u0107, P., Jakobek, L. <em>Adsorption of individual polyphenol groups from apples onto \u00df-glucan<\/em><b>.\u00a0<\/b>XIII International Conference of Chemists, Technologists and Ecologists of Republic of Srpska. October 30. 2020., Banja Luka, Bosnia and Hercegovina.<\/li>\n<li>Jakobek, L., Mati\u0107, P., Buljeta, I., I\u0161tuk, J. <em>Adsorption isotherms for studying interactions between flavonols and anthocyanins from aronia and beta-glucan<\/em>. 18 Ru\u017ei\u010dka Days. Today science &#8211; Tomorrow industry. September 16 to 18, 2020., Vukovar, Croatia.<\/li>\n<li>Jakobek, L., Mati\u0107, P., Buljeta, I., I\u0161tuk, J. <em>The study of interactions betwen polyphenols from traditional apple varieties and beta-glucan<\/em>. 18 Ru\u017ei\u010dka Days. Today science &#8211; Tomorrow industry. September 16 to 18, 2020., Vukovar, Croatia.<\/li>\n<li>Mati\u0107, P., Jakobek, L. <em>Thermodynamics of anthocyanins adsorption onto beta-glucan<\/em>. 18 Ru\u017ei\u010dka Days. Today science &#8211; Tomorrow industry. September 16 to 18, 2020., Vukovar, Croatia.<\/li>\n<li>I\u0161tuk, J., Jakobek, L., Strelec, I. <em>Extraction and purification of polyphenol classes in chokeberry and elderberry fruit<\/em>. 18 Ru\u017ei\u010dka Days. Today science &#8211; Tomorrow industry. September 16 to 18, 2020., Vukovar, Croatia<\/li>\n<li>I\u0161tuk, J., Jakobek, L., Strelec, I. <em>Inhibition of alfa-glucosidase by polyphenols present in traditional, indigenous apple varieties<\/em>. 18 Ru\u017ei\u010dka Days. Today science &#8211; Tomorrow industry. September 16 to 18, 2020., Vukovar, Croatia.<\/li>\n<li>Tomac, I., I\u0161tuk, J., Mati\u0107, P., Ivankovi\u0107, A., Jeli\u0107, J., Jakobek, L. E<em>lectrokinetic potential of some hydroxybenzoic acids and hydroxybenzoic acid &#8211; beta-glucan models<\/em>. 18 Ru\u017ei\u010dka Days. Today science &#8211; Tomorrow industry. September 16 to 18, 2020., Vukovar, Croatia.<\/li>\n<li>Jakobek, L., Barron, A. <em>Interactions between polyphenols from apples and b-glucan by studying the adsorption process<\/em>. 13th World Congress on Polyphenols Applications<em>.<\/em> 30th september to 1st october 2019., Valletta, Malta.<\/li>\n<li>Barron, A., Ben\u0161i\u0107, M., Buljeta, I., Jakobek, L. A statistically accurate algorithm for fitting adsorption isotherms with application to the interaction between polyphenols and b-glucan. 13th World Congress on Polyphenols Applications<em>.<\/em> 30th september to 1st october 2019., Valletta, Malta.<\/li>\n<li>I\u0161tuk, A., Buljeta, I., Tomac, I., Jakobek, L. Characterization of anthocyanins in chokeberry and elderberry by using RP-HPLC method. 12th international scientific and professional conference With Food to Health. 24. to 25. october 2019, Osijek, Croatia.<\/li>\n<li>Buljeta, I., I\u0161tuk, J., Tomac, I., Jakobek, L. Adsorption of gallic acid onto barley b-glucan. 12th international scientific and professional conference With Food to Health. 24. to 25. october 2019, Osijek, Croatia.<\/li>\n<li>I\u0161tuk, J., Jakobek, L. B-glucan from barley as an adsorbent of quercetin derivatives. 10th International Congress &#8220;Flour-bread 19&#8221; 12th Croatian Congress of Cereal Technologists &#8220;Bra\u0161no-kruh 19&#8221;. 11th to 14th June 2019, Osijek, Croatia.<\/li>\n<li>Jakobek, L., Barron, A. Interactions between b-glucan from cereals and polyphenols. 10th International Congress &#8220;Flour-bread 19&#8221; 12th Croatian Congress of Cereal Technologists &#8220;Bra\u0161no-kruh 19&#8221;. 11th to 14th June 2019, Osijek, Croatia.<\/li>\n<li>Barron, A., Jakobek, L. Ben\u0161i\u0107, M., Mati\u0107, P. Statistical fitting of adsorption isotherm. 24th INternational Scientific Symposium on Biometrics, 5 to 8 june, 2019., Zagreb, Croatia.<\/li>\n<li>Mati\u0107, P., Jakobek, L. <em>Adsorption of phenolic acids onto <\/em><em>b-glucan<\/em>. 12<sup>th<\/sup> World Congress on Polyphenols Applications, 25<sup>th<\/sup> to 28<sup>th<\/sup> September 2018., Bonn, Germany.<\/li>\n<li>Jakobek, L., Mati\u0107, P., Barron, R.A. <em>The application of adsorption isotherms with proper fitting to interpret polyphenol bioaccessibility in vitro<\/em>. Euro-Global Conference on Food Science, Agronomy and Technology, 20<sup>th<\/sup> to 22<sup>nd<\/sup> September 2018., Rome, Italy.<\/li>\n<li>Mati\u0107, P., Jakobek, L. <em>Adsorption of dihydrochalcones onto <\/em><em>b-glucan<\/em>. International conference 17<sup>th<\/sup> Ru\u017ei\u010dka days \u201eToday science \u2013 tomorrow industry\u201c, 19 to 21 September 2018., Vukovar, Croatia.<\/li>\n<li>Jakobek, L., Mati\u0107, P. <em>The interactions of polyphenols with <\/em>\u00df<em>-glucan and cellulose<\/em>. 10<sup>th<\/sup> International Scientific and Professional Conference \u201eWith Food to Health\u201c, 12<sup>th<\/sup> to 13<sup>th<\/sup> October 2017., Osijek, Croatia.<\/li>\n<li>Mati\u0107, P., Jakobek, L., Uki\u0107, \u0160. <em>An equilibrium and kinetic study of phenolic acids adsorption onto <\/em>\u00df<em>-glucan<\/em>. 10<sup>th<\/sup> International Scientific and Professional Conference \u201eWith Food to Health\u201c, 12<sup>th<\/sup> to 13<sup>th<\/sup> October 2017., Osijek, Croatia.<\/li>\n<li>Tomac, I., Jakobek, L., \u0160eruga, M. <em>Separation and identification of chlorogenic acids by HPLC method<\/em>. 10<sup>th<\/sup> International Scientific and Professional Conference \u201eWith Food to Health\u201c, 12<sup>th<\/sup> to 13<sup>th<\/sup> October 2017., Osijek, Croatia.<\/li>\n<\/ol>\n<p><strong><span style=\"color: #800080;\">Other conferences:<\/span><\/strong><\/p>\n<ol>\n<li>I\u0161tuk, J., Jakobek, L. \u03b2-glucan influence on the fruit polyphenol bioaccessibility by studying kinetic models of simulated digestive processes. 4th Young Scientists Day, 7. October 2022., Osijek, Croatia.<\/li>\n<li>Mati\u0107, P., Uki\u0107, \u0160., Jakobek, L.\u00a0<em>An equilibrium study on flavan-3-ols adsorption onto\u00a0<\/em><em>b-glucan<\/em>. 1<sup>st<\/sup>\u00a0Young Scientists Day, 14<sup>th<\/sup>\u00a0June 2018., Osijek, Croatia.<\/li>\n<\/ol>\n<p>&nbsp;<\/p>\n","protected":false},"excerpt":{"rendered":"<p>Journal publications: Jakobek, L., Strelec, I., Kenjeri\u0107, D., \u0160oher, L., Tomac, I., Mati\u0107, P. (2022). Simulated gastric and intestinal fluid electrolyte solutions as an environment for the adsorption of apple polyphenols onto \u00df-glucan. Molecules, 27 (19), 6683.\u00a0https:\/\/www.mdpi.com\/1420-3049\/27\/19\/6683 I\u0161tuk, J., Jakobek, L. (2021). Determination of polyphenols bioaccessibility by in vitro gastrointestinal digestion of apple peel. Hrana &#8230; <a title=\"Journal and conference publications\" class=\"read-more\" href=\"https:\/\/www.ptfos.unios.hr\/bio-polifenol\/?page_id=170\" aria-label=\"Read more about Journal and conference publications\">Op\u0161irnije<\/a><\/p>\n","protected":false},"author":1,"featured_media":0,"parent":0,"menu_order":0,"comment_status":"closed","ping_status":"closed","template":"","meta":{"generate_page_header":"","footnotes":""},"class_list":["post-170","page","type-page","status-publish"],"_links":{"self":[{"href":"https:\/\/www.ptfos.unios.hr\/bio-polifenol\/index.php?rest_route=\/wp\/v2\/pages\/170","targetHints":{"allow":["GET"]}}],"collection":[{"href":"https:\/\/www.ptfos.unios.hr\/bio-polifenol\/index.php?rest_route=\/wp\/v2\/pages"}],"about":[{"href":"https:\/\/www.ptfos.unios.hr\/bio-polifenol\/index.php?rest_route=\/wp\/v2\/types\/page"}],"author":[{"embeddable":true,"href":"https:\/\/www.ptfos.unios.hr\/bio-polifenol\/index.php?rest_route=\/wp\/v2\/users\/1"}],"replies":[{"embeddable":true,"href":"https:\/\/www.ptfos.unios.hr\/bio-polifenol\/index.php?rest_route=%2Fwp%2Fv2%2Fcomments&post=170"}],"version-history":[{"count":0,"href":"https:\/\/www.ptfos.unios.hr\/bio-polifenol\/index.php?rest_route=\/wp\/v2\/pages\/170\/revisions"}],"wp:attachment":[{"href":"https:\/\/www.ptfos.unios.hr\/bio-polifenol\/index.php?rest_route=%2Fwp%2Fv2%2Fmedia&parent=170"}],"curies":[{"name":"wp","href":"https:\/\/api.w.org\/{rel}","templated":true}]}}