{"id":5,"date":"2017-05-30T22:35:37","date_gmt":"2017-05-30T20:35:37","guid":{"rendered":"http:\/\/www.ptfos.unios.hr\/bio-polifenol\/?page_id=5"},"modified":"2018-02-17T21:01:19","modified_gmt":"2018-02-17T20:01:19","slug":"5-2","status":"publish","type":"page","link":"https:\/\/www.ptfos.unios.hr\/bio-polifenol\/","title":{"rendered":""},"content":{"rendered":"<p><strong>Naziv projekta:\u00a0<\/strong>Utjecaj prehrambenih vlakana na bioraspolo\u017eivost polifenola istra\u017eivanjem adsorpcije i simuliranih probavnih procesa, <em>in vitro<\/em><\/p>\n<p><strong>Izvor financiranja:<\/strong>\u00a0Hrvatska zaklada za znanost<\/p>\n<p><strong>Trajanje:<\/strong>\u00a001.o\u017eujak 2017. do 28.velja\u010de 2021.<\/p>\n<p><strong>Voditelj projekta:<\/strong> \u00a0izv. prof. dr. sc. Lidija Jakobek Barron<\/p>\n<p>&nbsp;<\/p>\n<p><strong>Istra\u017eiva\u010di<\/strong>:<\/p>\n<ul>\n<li>Petra Mati\u0107, dipl. ing., Prehrambeno-tehnolo\u0161ki fakultet Osijek, Sveu\u010dili\u0161te J. J. Strossmayera u Osijeku<\/li>\n<li>dr. sc. Ivana Tomac, poslijedoktorand, Prehrambeno-tehnolo\u0161ki fakultet Osijek, Sveu\u010dili\u0161te J. J. Strossmayera u Osijeku<\/li>\n<li>izv. prof. dr. sc. \u0160ime Uki\u0107, Fakultet kemijskog in\u017eenjerstva i tehnologije, Sveu\u010dili\u0161te u Zagrebu<\/li>\n<li>izv. prof. dr. sc. Martina Skendrovi\u0107 Babojeli\u0107, Agronomski fakultet, Sveu\u010dili\u0161te u Zagrebu<\/li>\n<li>dr. sc. Hrvoje Gebavi, znanstveni suradnik, Institut Ru\u0111er Bo\u0161kovi\u0107; Odjel za fiziku materijala; Laboratorij za molekulsku fiziku, Zagreb, Hrvatska<\/li>\n<li>prof. dr. sc. Andrew Barron, Odjel za statistiku, Sveu\u010dili\u0161te Yale u SAD-u<\/li>\n<\/ul>\n<p>&nbsp;<\/p>\n<p>&nbsp;<\/p>\n","protected":false},"excerpt":{"rendered":"<p>Naziv projekta:\u00a0Utjecaj prehrambenih vlakana na bioraspolo\u017eivost polifenola istra\u017eivanjem adsorpcije i simuliranih probavnih procesa, in vitro Izvor financiranja:\u00a0Hrvatska zaklada za znanost Trajanje:\u00a001.o\u017eujak 2017. do 28.velja\u010de 2021. Voditelj projekta: \u00a0izv. prof. dr. sc. Lidija Jakobek Barron &nbsp; Istra\u017eiva\u010di: Petra Mati\u0107, dipl. ing., Prehrambeno-tehnolo\u0161ki fakultet Osijek, Sveu\u010dili\u0161te J. J. Strossmayera u Osijeku dr. sc. Ivana Tomac, poslijedoktorand, Prehrambeno-tehnolo\u0161ki &#8230; <a title=\"\" class=\"read-more\" href=\"https:\/\/www.ptfos.unios.hr\/bio-polifenol\/\" aria-label=\"Read more about \">Op\u0161irnije<\/a><\/p>\n","protected":false},"author":1,"featured_media":0,"parent":0,"menu_order":0,"comment_status":"closed","ping_status":"closed","template":"","meta":{"generate_page_header":"","footnotes":""},"class_list":["post-5","page","type-page","status-publish"],"_links":{"self":[{"href":"https:\/\/www.ptfos.unios.hr\/bio-polifenol\/index.php?rest_route=\/wp\/v2\/pages\/5","targetHints":{"allow":["GET"]}}],"collection":[{"href":"https:\/\/www.ptfos.unios.hr\/bio-polifenol\/index.php?rest_route=\/wp\/v2\/pages"}],"about":[{"href":"https:\/\/www.ptfos.unios.hr\/bio-polifenol\/index.php?rest_route=\/wp\/v2\/types\/page"}],"author":[{"embeddable":true,"href":"https:\/\/www.ptfos.unios.hr\/bio-polifenol\/index.php?rest_route=\/wp\/v2\/users\/1"}],"replies":[{"embeddable":true,"href":"https:\/\/www.ptfos.unios.hr\/bio-polifenol\/index.php?rest_route=%2Fwp%2Fv2%2Fcomments&post=5"}],"version-history":[{"count":0,"href":"https:\/\/www.ptfos.unios.hr\/bio-polifenol\/index.php?rest_route=\/wp\/v2\/pages\/5\/revisions"}],"wp:attachment":[{"href":"https:\/\/www.ptfos.unios.hr\/bio-polifenol\/index.php?rest_route=%2Fwp%2Fv2%2Fmedia&parent=5"}],"curies":[{"name":"wp","href":"https:\/\/api.w.org\/{rel}","templated":true}]}}