{"id":249,"date":"2018-03-01T13:32:09","date_gmt":"2018-03-01T12:32:09","guid":{"rendered":"http:\/\/www.ptfos.unios.hr\/isc_green\/?page_id=249"},"modified":"2022-05-04T21:18:57","modified_gmt":"2022-05-04T19:18:57","slug":"249-2","status":"publish","type":"page","link":"https:\/\/www.ptfos.unios.hr\/isc_green\/index.php\/249-2\/","title":{"rendered":"Obavijest"},"content":{"rendered":"<p style=\"text-align: justify;\"><span style=\"font-family: arial, helvetica, sans-serif; font-size: 14pt;\">Dragi studenti, po\u0161tovani kolege,<\/span><\/p>\n<p style=\"text-align: justify;\"><span style=\"font-family: arial, helvetica, sans-serif; font-size: 14pt;\">Sveu\u010dili\u0161te Josipa Jurja Strossmayera u Osijeku u suradnji s Prehrambeno-tehnolo\u0161kim fakultetom Osijek, Fakultetom agrobiotehni\u010dkih znanosti, Me\u0111unarodnom federacijom za zdravstvenu ekologiju (IFEH) te <a href=\"http:\/\/www.ptfos.unios.hr\/isc_green\/index.php\/organizatori\/\">mre\u017eom institucija<\/a> organizira <strong>2. me\u0111unarodnu studentsku GREEN konferenciju<\/strong> koja \u0107e se odr\u017eati na Fakultetu agrobiotehni\u010dkih znanosti Osijeku u Osijeku,<strong> 2. i 3.6.2022<\/strong>. godine.<\/span><\/p>\n<p style=\"text-align: justify;\"><span style=\"font-family: arial, helvetica, sans-serif; font-size: 14pt;\">Ciljevi 2. me\u0111unarodne studentske GREEN konferencije su okupljanje studenata prirodnih, biomedicinskih, tehni\u010dkih, biotehni\u010dkih, dru\u0161tvenih i humanisti\u010dkih znanosti, popularizacija znanosti, razmjena i nadogradnja znanja, promicanje vi\u0161edisciplinarnog pristupa podru\u010dju za\u0161tite okoli\u0161a, primjena smjernica odr\u017eivog razvoja te ostvarivanje zdravijeg na\u010dina \u017eivota.<\/span><\/p>\n<p style=\"text-align: justify;\"><span style=\"font-family: arial, helvetica, sans-serif; font-size: 14pt;\">Organizacijski odbor 2. me\u0111unarodne studentske GREEN konferencije Vas poziva na sudjelovanje u radu 2. me\u0111unarodne studentske GREEN konferencije putem usmenih ili posterskih priop\u0107enja. <\/span><\/p>\n<p style=\"text-align: justify;\"><span style=\"font-family: arial, helvetica, sans-serif; font-size: 14pt;\">U \u017eelji da va\u0161i radovi, nove spoznaje i va\u0161a znanja iz podru\u010dja za\u0161tite okoli\u0161a budu \u0161to \u0161ire dostupna, za sudjelovanje u radu konferencije nije potrebna uplata kotizacije.<\/span><\/p>\n<p style=\"text-align: justify;\"><span style=\"font-family: arial, helvetica, sans-serif; font-size: 14pt;\">Radujemo se susretu i dobrodo\u0161li u Osijek!<\/span><\/p>\n<p style=\"text-align: justify;\"><span style=\"font-family: arial, helvetica, sans-serif; font-size: 14pt;\">S po\u0161tovanjem,<\/span><\/p>\n<p><span style=\"font-family: arial, helvetica, sans-serif; font-size: 14pt;\"><img loading=\"lazy\" decoding=\"async\" class=\"wp-image-2205 alignnone\" src=\"http:\/\/www.ptfos.unios.hr\/water\/wp-content\/uploads\/2022\/02\/240446552_2078904372285651_6458018740367001915_n-270x300.jpg\" alt=\"\" width=\"152\" height=\"169\" \/><\/span><\/p>\n<p style=\"margin: 0cm; margin-bottom: .0001pt;\"><span style=\"font-family: arial, helvetica, sans-serif; font-size: 14pt;\">prof. dr. sc. Mirna Habuda-Stani\u0107<\/span><\/p>\n<p style=\"margin: 0cm; margin-bottom: .0001pt;\"><span style=\"font-family: arial, helvetica, sans-serif; font-size: 14pt;\">predsjednica Organizacijskog odbora ISC GREEN 2022<\/span><\/p>\n","protected":false},"excerpt":{"rendered":"<p>Dragi studenti, po\u0161tovani kolege, Sveu\u010dili\u0161te Josipa Jurja Strossmayera u Osijeku u suradnji s Prehrambeno-tehnolo\u0161kim fakultetom Osijek, Fakultetom agrobiotehni\u010dkih znanosti, Me\u0111unarodnom federacijom za zdravstvenu ekologiju (IFEH) te mre\u017eom institucija organizira 2. me\u0111unarodnu studentsku GREEN konferenciju koja \u0107e se odr\u017eati na Fakultetu agrobiotehni\u010dkih znanosti Osijeku u Osijeku, 2. i 3.6.2022. godine. Ciljevi 2. me\u0111unarodne studentske GREEN konferencije [&hellip;]<\/p>\n","protected":false},"author":1,"featured_media":0,"parent":0,"menu_order":0,"comment_status":"closed","ping_status":"closed","template":"","meta":{"_themeisle_gutenberg_block_has_review":false,"footnotes":""},"class_list":["post-249","page","type-page","status-publish","hentry"],"_links":{"self":[{"href":"https:\/\/www.ptfos.unios.hr\/isc_green\/index.php\/wp-json\/wp\/v2\/pages\/249","targetHints":{"allow":["GET"]}}],"collection":[{"href":"https:\/\/www.ptfos.unios.hr\/isc_green\/index.php\/wp-json\/wp\/v2\/pages"}],"about":[{"href":"https:\/\/www.ptfos.unios.hr\/isc_green\/index.php\/wp-json\/wp\/v2\/types\/page"}],"author":[{"embeddable":true,"href":"https:\/\/www.ptfos.unios.hr\/isc_green\/index.php\/wp-json\/wp\/v2\/users\/1"}],"replies":[{"embeddable":true,"href":"https:\/\/www.ptfos.unios.hr\/isc_green\/index.php\/wp-json\/wp\/v2\/comments?post=249"}],"version-history":[{"count":65,"href":"https:\/\/www.ptfos.unios.hr\/isc_green\/index.php\/wp-json\/wp\/v2\/pages\/249\/revisions"}],"predecessor-version":[{"id":1507,"href":"https:\/\/www.ptfos.unios.hr\/isc_green\/index.php\/wp-json\/wp\/v2\/pages\/249\/revisions\/1507"}],"wp:attachment":[{"href":"https:\/\/www.ptfos.unios.hr\/isc_green\/index.php\/wp-json\/wp\/v2\/media?parent=249"}],"curies":[{"name":"wp","href":"https:\/\/api.w.org\/{rel}","templated":true}]}}