{"id":381,"date":"2018-03-06T09:10:55","date_gmt":"2018-03-06T08:10:55","guid":{"rendered":"http:\/\/www.ptfos.unios.hr\/isc_green\/?page_id=381"},"modified":"2022-06-16T07:26:02","modified_gmt":"2022-06-16T05:26:02","slug":"organizatori","status":"publish","type":"page","link":"https:\/\/www.ptfos.unios.hr\/isc_green\/index.php\/organizatori\/","title":{"rendered":"Organizatori"},"content":{"rendered":"<ul>\n<li><span style=\"font-family: arial, helvetica, sans-serif; font-size: 14pt;\">Agronomski i prehrambeno-tehnolo\u0161ki fakultet Sveu\u010dili\u0161ta u Mostaru<\/span><\/li>\n<\/ul>\n<ul>\n<li><span style=\"font-family: arial, helvetica, sans-serif; font-size: 14pt;\">Agronomski fakultet Sveu\u010dili\u0161ta u Zagrebu<\/span><\/li>\n<\/ul>\n<ul>\n<li><span style=\"font-family: arial, helvetica, sans-serif; font-size: 14pt;\">Akademija za umjetnost i kulturu u Osijeku<\/span><\/li>\n<\/ul>\n<ul>\n<li><span style=\"font-family: arial, helvetica, sans-serif; font-size: 14pt;\">Centar za istra\u017eivanje okoli\u0161a i razvoj, Dokuz Eylul University Izmir<\/span><\/li>\n<\/ul>\n<ul>\n<li><span style=\"font-family: arial, helvetica, sans-serif; font-size: 14pt;\">Danube Parks<\/span><\/li>\n<\/ul>\n<ul>\n<li><span style=\"font-family: arial, helvetica, sans-serif; font-size: 14pt;\">European Hygienic Engineering &amp; Design Group (EHEDG)<\/span><\/li>\n<\/ul>\n<ul>\n<li><span style=\"font-family: arial, helvetica, sans-serif; font-size: 14pt;\">Ekonomski fakultet u Osijeku<\/span><\/li>\n<\/ul>\n<ul>\n<li><span style=\"font-family: arial, helvetica, sans-serif; font-size: 14pt;\">Faculty of Aquatic Sciences; Istanbul University<\/span><\/li>\n<\/ul>\n<ul>\n<li><span style=\"font-family: arial, helvetica, sans-serif; font-size: 14pt;\">Fakultet agrobiotehni\u010dkih znanosti u Osijeku<\/span><\/li>\n<\/ul>\n<ul>\n<li><span style=\"font-family: arial, helvetica, sans-serif; font-size: 14pt;\">Fakultet za dentalnu medicinu i zdravstvo Osijek<\/span><\/li>\n<\/ul>\n<ul>\n<li><span style=\"font-family: arial, helvetica, sans-serif; font-size: 14pt;\">Fakultet elektrotehnike, ra\u010dunarstva i informacijskih tehnologija Osijek<\/span><\/li>\n<\/ul>\n<ul>\n<li><span style=\"font-family: arial, helvetica, sans-serif; font-size: 14pt;\">Fakultet kemijskog in\u017eenjerstva i tehnologije Sveu\u010dili\u0161ta u Zagrebu<\/span><\/li>\n<\/ul>\n<ul>\n<li><span style=\"font-family: arial, helvetica, sans-serif; font-size: 14pt;\">Fakultet strojarstva i brodogradnje Sveu\u010dili\u0161ta u Zagrebu<\/span><\/li>\n<\/ul>\n<ul>\n<li><span style=\"font-family: arial, helvetica, sans-serif; font-size: 14pt;\">Fakultet za odgojne i obrazovne znanosti<\/span><\/li>\n<\/ul>\n<ul>\n<li><span style=\"font-family: arial, helvetica, sans-serif; font-size: 14pt;\">Hrvatska agencija za poljoprivredu i hranu<\/span><\/li>\n<\/ul>\n<ul>\n<li><span style=\"font-family: arial, helvetica, sans-serif; font-size: 14pt;\">Hrvatska komora zdravstvenih radnika \u2013 Strukovni razred za djelatnost sanitarnog in\u017eenjerstva<\/span><\/li>\n<\/ul>\n<ul>\n<li><span style=\"font-family: arial, helvetica, sans-serif; font-size: 14pt;\">Fakultet zdravstvenih studija Univerziteta Sarajevo<\/span><\/li>\n<\/ul>\n<ul>\n<li><span style=\"font-family: arial, helvetica, sans-serif; font-size: 14pt;\">Filozofski fakultet Osijek<\/span><\/li>\n<\/ul>\n<ul>\n<li><span style=\"font-family: arial, helvetica, sans-serif; font-size: 14pt;\">Geotehni\u010dki fakultet Sveu\u010dili\u0161ta u Zagrebu<\/span><\/li>\n<\/ul>\n<ul>\n<li><span style=\"font-family: arial, helvetica, sans-serif; font-size: 14pt;\">Gra\u0111evinski i arhitektonski fakultet Osijek<\/span><\/li>\n<\/ul>\n<ul>\n<li><span style=\"font-family: arial, helvetica, sans-serif; font-size: 14pt;\">International Federation of Environmental Health (IFEH)<\/span><\/li>\n<\/ul>\n<ul>\n<li><span style=\"font-family: arial, helvetica, sans-serif; font-size: 14pt;\">Javna ustanova Park prirode Kopa\u010dki rit<\/span><\/li>\n<\/ul>\n<ul>\n<li><span style=\"font-family: arial, helvetica, sans-serif; font-size: 14pt;\">Javna ustanova za za\u0161titu prirode Osje\u010dko-baranjske \u017eupanije<\/span><\/li>\n<\/ul>\n<ul>\n<li><span style=\"font-family: arial, helvetica, sans-serif; font-size: 14pt;\">Javna ustanova \u017dupanijska razvojna agencija Osje\u010dko-baranjske \u017eupanije<\/span><\/li>\n<\/ul>\n<ul>\n<li><span style=\"font-family: arial, helvetica, sans-serif; font-size: 14pt;\">Katoli\u010dki bogoslovni fakultet u \u0110akovu<\/span><\/li>\n<\/ul>\n<ul>\n<li><span style=\"font-family: arial, helvetica, sans-serif; font-size: 14pt;\">Kemijsko-tehnolo\u0161ki fakultet Split<\/span><\/li>\n<\/ul>\n<ul>\n<li><span style=\"font-family: arial, helvetica, sans-serif; font-size: 14pt;\">Kineziolo\u0161ki fakultet Osijek<\/span><\/li>\n<\/ul>\n<ul>\n<li><span style=\"font-family: arial, helvetica, sans-serif; font-size: 14pt;\">Medicinski fakultet Osijek<\/span><\/li>\n<\/ul>\n<ul>\n<li><span style=\"font-family: arial, helvetica, sans-serif; font-size: 14pt;\">Medicinski fakultet Sveu\u010dili\u0161ta u Rijeci<\/span><\/li>\n<\/ul>\n<ul>\n<li><span style=\"font-family: arial, helvetica, sans-serif; font-size: 14pt;\">Metalur\u0161ki fakultet Sveu\u010dili\u0161ta u Zagrebu<\/span><\/li>\n<\/ul>\n<ul>\n<li><span style=\"font-family: arial, helvetica, sans-serif; font-size: 14pt;\">Nastavni zavod za javno zdravstvo Osje\u010dko-baranjske \u017eupanije<\/span><\/li>\n<\/ul>\n<ul>\n<li><span style=\"font-family: arial, helvetica, sans-serif; font-size: 14pt;\">Pravni fakultet Osijek<\/span><\/li>\n<\/ul>\n<ul>\n<li><span style=\"font-family: arial, helvetica, sans-serif; font-size: 14pt;\">Prehrambeno-biotehnolo\u0161ki fakultet Sveu\u010dili\u0161ta u Zagrebu<\/span><\/li>\n<\/ul>\n<ul>\n<li><span style=\"font-family: arial, helvetica, sans-serif; font-size: 14pt;\">Prehrambeno-tehnolo\u0161ki fakultet Osijek<\/span><\/li>\n<\/ul>\n<ul>\n<li><span style=\"font-family: arial, helvetica, sans-serif; font-size: 14pt;\">Odjel za biologiju Sveu\u010dili\u0161ta u Osijeku<\/span><\/li>\n<\/ul>\n<ul>\n<li><span style=\"font-family: arial, helvetica, sans-serif; font-size: 14pt;\">Odjel za fiziku Sveu\u010dili\u0161ta u Osijeku<\/span><\/li>\n<\/ul>\n<ul>\n<li><span style=\"font-family: arial, helvetica, sans-serif; font-size: 14pt;\">Odjel za ekologiju, agronomiju i akvakulturu Sveu\u010dili\u0161ta u Zadru<\/span><\/li>\n<\/ul>\n<ul>\n<li><span style=\"font-family: arial, helvetica, sans-serif; font-size: 14pt;\">Odjel za kemiju Sveu\u010dili\u0161ta u Osijeku<\/span><\/li>\n<\/ul>\n<ul>\n<li><span style=\"font-family: arial, helvetica, sans-serif; font-size: 14pt;\">Odjel za matematiku Sveu\u010dili\u0161ta u Osijeku<\/span><\/li>\n<\/ul>\n<ul>\n<li><span style=\"font-family: arial, helvetica, sans-serif; font-size: 14pt;\">Sveu\u010dili\u0161te u Dubrovniku<\/span><\/li>\n<\/ul>\n<ul>\n<li><span style=\"font-family: arial, helvetica, sans-serif; font-size: 14pt;\">Sveu\u010dili\u0161te Josipa Jurja Strossmayera u Osijeku<\/span><\/li>\n<\/ul>\n<ul>\n<li><span style=\"font-family: arial, helvetica, sans-serif; font-size: 14pt;\">Sveu\u010dili\u0161te u Slavonskom Brodu<\/span><\/li>\n<\/ul>\n<ul>\n<li><span style=\"font-family: arial, helvetica, sans-serif; font-size: 14pt;\">Sveu\u010dili\u0161te Sjever<\/span><\/li>\n<\/ul>\n<ul>\n<li><span style=\"font-family: arial, helvetica, sans-serif; font-size: 14pt;\">Sveu\u010dili\u0161te u Zagrebu<\/span><\/li>\n<\/ul>\n<ul>\n<li><span style=\"font-family: arial, helvetica, sans-serif; font-size: 14pt;\">Sveu\u010dili\u0161te u Zadru<\/span><\/li>\n<\/ul>\n<ul>\n<li><span style=\"font-family: arial, helvetica, sans-serif; font-size: 14pt;\">Tehnolo\u0161ki i metalur\u0161ki fakultet Skopje<\/span><\/li>\n<\/ul>\n<ul>\n<li><span style=\"font-family: arial, helvetica, sans-serif; font-size: 14pt;\">Tehnolo\u0161ki fakultet Tuzla<\/span><\/li>\n<\/ul>\n<ul>\n<li><span style=\"font-family: arial, helvetica, sans-serif; font-size: 14pt;\">Univerzitet u Biha\u0107u<\/span><\/li>\n<\/ul>\n<ul>\n<li><span style=\"font-family: arial, helvetica, sans-serif; font-size: 14pt;\">Univerzitet u Novom Sadu<\/span><\/li>\n<\/ul>\n<ul>\n<li><span style=\"font-family: arial, helvetica, sans-serif; font-size: 14pt;\">Univerzitet u Tuzli<\/span><\/li>\n<\/ul>\n<ul>\n<li><span style=\"font-family: arial, helvetica, sans-serif; font-size: 14pt;\">Veleu\u010dili\u0161te \u201cLavoslav Ru\u017ei\u010dka\u201d u Vukovaru<\/span><\/li>\n<\/ul>\n<ul>\n<li><span style=\"font-family: arial, helvetica, sans-serif; font-size: 14pt;\">Veleu\u010dili\u0161te Velika Gorica<\/span><\/li>\n<\/ul>\n<ul>\n<li><span style=\"font-family: arial, helvetica, sans-serif; font-size: 14pt;\">Zdravstveno veleu\u010dili\u0161te u Zagrebu<\/span><\/li>\n<\/ul>\n","protected":false},"excerpt":{"rendered":"<p>Agronomski i prehrambeno-tehnolo\u0161ki fakultet Sveu\u010dili\u0161ta u Mostaru Agronomski fakultet Sveu\u010dili\u0161ta u Zagrebu Akademija za umjetnost i kulturu u Osijeku Centar za istra\u017eivanje okoli\u0161a i razvoj, Dokuz Eylul University Izmir Danube Parks European Hygienic Engineering &amp; Design Group (EHEDG) Ekonomski fakultet u Osijeku Faculty of Aquatic Sciences; Istanbul University Fakultet agrobiotehni\u010dkih znanosti u Osijeku Fakultet za [&hellip;]<\/p>\n","protected":false},"author":1,"featured_media":0,"parent":0,"menu_order":0,"comment_status":"closed","ping_status":"closed","template":"","meta":{"_themeisle_gutenberg_block_has_review":false,"footnotes":""},"class_list":["post-381","page","type-page","status-publish","hentry"],"_links":{"self":[{"href":"https:\/\/www.ptfos.unios.hr\/isc_green\/index.php\/wp-json\/wp\/v2\/pages\/381","targetHints":{"allow":["GET"]}}],"collection":[{"href":"https:\/\/www.ptfos.unios.hr\/isc_green\/index.php\/wp-json\/wp\/v2\/pages"}],"about":[{"href":"https:\/\/www.ptfos.unios.hr\/isc_green\/index.php\/wp-json\/wp\/v2\/types\/page"}],"author":[{"embeddable":true,"href":"https:\/\/www.ptfos.unios.hr\/isc_green\/index.php\/wp-json\/wp\/v2\/users\/1"}],"replies":[{"embeddable":true,"href":"https:\/\/www.ptfos.unios.hr\/isc_green\/index.php\/wp-json\/wp\/v2\/comments?post=381"}],"version-history":[{"count":84,"href":"https:\/\/www.ptfos.unios.hr\/isc_green\/index.php\/wp-json\/wp\/v2\/pages\/381\/revisions"}],"predecessor-version":[{"id":1773,"href":"https:\/\/www.ptfos.unios.hr\/isc_green\/index.php\/wp-json\/wp\/v2\/pages\/381\/revisions\/1773"}],"wp:attachment":[{"href":"https:\/\/www.ptfos.unios.hr\/isc_green\/index.php\/wp-json\/wp\/v2\/media?parent=381"}],"curies":[{"name":"wp","href":"https:\/\/api.w.org\/{rel}","templated":true}]}}