{"id":735,"date":"2018-03-09T15:03:39","date_gmt":"2018-03-09T14:03:39","guid":{"rendered":"http:\/\/www.ptfos.unios.hr\/isc_green\/?page_id=735"},"modified":"2022-05-22T05:45:51","modified_gmt":"2022-05-22T03:45:51","slug":"smjestaj-sudionika","status":"publish","type":"page","link":"https:\/\/www.ptfos.unios.hr\/isc_green\/index.php\/smjestaj-sudionika\/","title":{"rendered":"Smje\u0161taj sudionika"},"content":{"rendered":"\n<p><span style=\"color: #ffffff; font-family: arial, helvetica, sans-serif; font-size: 14pt;\">.<\/span><\/p>\n<p><span style=\"font-family: arial, helvetica, sans-serif; font-size: 14pt;\"><strong>Ponuda za smje\u0161taj studenata i nastavnog osoblja tijekom <\/strong><strong>me\u0111unarodne studentske GREEN konferencije<\/strong><\/span><\/p>\n<p><span style=\"font-family: arial, helvetica, sans-serif; font-size: 14pt;\">Po\u0161tovani,<\/span><\/p>\n<p><span style=\"font-family: arial, helvetica, sans-serif; font-size: 14pt;\">za studente i nastavnike sudionike 2. me\u0111unarodne studentske GREEN konferencije, koja \u0107e se odr\u017eati u Osijeku 2. i 3.6.2022. godine, osigurali smo mogu\u0107nost smje\u0161taja u novom paviljonu Studentskog doma u Osijeku prema slijede\u0107im cjeniku po osobi :<\/span><\/p>\n<ul>\n<li><span style=\"font-family: arial, helvetica, sans-serif; font-size: 14pt;\">Cijena no\u0107enja u jednokrevetnoj studentskoj sobi iznosi 120,00 kn (bez PDV)<\/span><\/li>\n<li><span style=\"font-family: arial, helvetica, sans-serif; font-size: 14pt;\">Cijena no\u0107enja u dvokrevetnoj sobi za jednu osobu iznosi 100,00 kn (bez PDV)<\/span><\/li>\n<li><span style=\"font-family: arial, helvetica, sans-serif; font-size: 14pt;\">Cijena no\u0107enja u trokrevetnoj studentskoj sobi za jednu osobu iznosi 90,00 kn (bez PDV)<\/span><\/li>\n<li><span style=\"font-family: arial, helvetica, sans-serif; font-size: 14pt;\">Cijena no\u0107enja u apartmanu za jednu osobu iznosi 150,00 kn (bez PDV)<\/span><\/li>\n<\/ul>\n<p><span style=\"font-family: arial, helvetica, sans-serif; font-size: 14pt;\">Uz mogu\u0107nost no\u0107enja nudimo i doru\u010dak po cijeni <strong>25 kn (<\/strong>bez PDV) osobi. Molimo zainteresirane za uslugu doru\u010dka da isti <strong>obavezno zatra\u017eite zajedno s ponudom za smje\u0161taj.<\/strong><\/span><\/p>\n<p><span style=\"font-family: arial, helvetica, sans-serif; font-size: 14pt;\">Doru\u010dak organiziramo u Campus restoranu u neposrednoj blizini studentskog doma u kojem je smje\u0161taj ponu\u0111en (50 metara udaljenosti).\u00a0<\/span><\/p>\n<p><span style=\"font-family: arial, helvetica, sans-serif; font-size: 14pt;\">Na raspolaganje u razdoblju od <strong>1.-3.6.2022.<\/strong> mo\u017eemo ponuditi 20 jednokrevetnih apartmana, 18 trokrevetnih soba i ostatak studenata bio bi smje\u0161ten u dvokrevetne sobe.<\/span><\/p>\n<p><span style=\"font-family: arial, helvetica, sans-serif; font-size: 14pt;\">Novi studentski dom nalazi se uz samu zgradu Fakulteta agrobiotehni\u010dkih znanosti Osijek, mjesta odr\u017eavanja Konferencije.<\/span><\/p>\n<p><span style=\"font-family: arial, helvetica, sans-serif; font-size: 14pt;\"><strong>Molimo fakultete koji su platitelji za goste koji dolaze na GREEN konferenciju, da po\u0161alju popis studenta ili profesora za koji pla\u0107aju no\u0107enje, s potvrdom ukoliko \u017eele i doru\u010dak<\/strong><\/span><\/p>\n<p><span style=\"font-family: arial, helvetica, sans-serif; font-size: 14pt;\"><strong>Studenti SVIH HRVATSKIH SVEU\u010cILI\u0160TA, koji sami snose tro\u0161ak smje\u0161taja, tako\u0111er mogu koristiti usluge prehrane (doru\u010dka), a iste mogu pla\u0107ati iksicom po redovnim cijena prema va\u017ee\u0107em cjeniku ili po komercijalnoj cijeni.<\/strong><\/span><\/p>\n<p><span style=\"font-family: arial, helvetica, sans-serif; font-size: 14pt;\">S obzirom na broj prijava sa datumom 19.5.2022. od istog razdoblja ostalo nam je na raspolaganju mogu\u0107nost smje\u0161taja u dvokrevetnim sobama (dvije dvokrevetne sobe dijele jednu kupaonicu).<\/span><\/p>\n<p><span style=\"font-family: arial, helvetica, sans-serif; font-size: 14pt;\"><strong>Rezervacije za GREEN su mogu\u0107e do 24.5.2022.<\/strong><\/span><\/p>\n<p><span style=\"font-family: arial, helvetica, sans-serif; font-size: 14pt;\"><strong>Molimo Vas da iste i potvrdite do navedenog datuma. <\/strong><\/span><\/p>\n<p><span style=\"font-family: arial, helvetica, sans-serif; font-size: 14pt;\">Vi\u0161e informacija i rezervacije smje\u0161taja mogu\u0107e su putem e maila <a href=\"mailto:gsimic@stucos.hr\">gsimic@stucos.hr<\/a> ili na broj telefona + 385 (0) 31 251 123.<\/span><\/p>\n<p>\u00a0<\/p>\n<p><span style=\"font-size: 14pt; font-family: arial, helvetica, sans-serif;\">S po\u0161tovanjem,<\/span><\/p>\n<p><span style=\"font-size: 14pt; font-family: arial, helvetica, sans-serif;\">STUDENTSKI CENTAR OSIJEK<\/span><\/p>\n<p>\u00a0<\/p>\n<p><span style=\"font-size: 14pt; font-family: arial, helvetica, sans-serif;\">Ponuda STUC Osijek (preuzimanje)<\/span><\/p>\n<p><span style=\"font-family: arial, helvetica, sans-serif; font-size: 14pt;\"><img loading=\"lazy\" decoding=\"async\" class=\"alignnone  wp-image-1479\" src=\"http:\/\/www.ptfos.unios.hr\/isc_green\/wp-content\/uploads\/2022\/05\/279419965_581975659658061_917493777907671184_n-300x225.jpg\" alt=\"\" width=\"149\" height=\"112\" srcset=\"https:\/\/www.ptfos.unios.hr\/isc_green\/wp-content\/uploads\/2022\/05\/279419965_581975659658061_917493777907671184_n-300x225.jpg 300w, https:\/\/www.ptfos.unios.hr\/isc_green\/wp-content\/uploads\/2022\/05\/279419965_581975659658061_917493777907671184_n-1024x768.jpg 1024w, https:\/\/www.ptfos.unios.hr\/isc_green\/wp-content\/uploads\/2022\/05\/279419965_581975659658061_917493777907671184_n-768x576.jpg 768w, https:\/\/www.ptfos.unios.hr\/isc_green\/wp-content\/uploads\/2022\/05\/279419965_581975659658061_917493777907671184_n-1536x1152.jpg 1536w, https:\/\/www.ptfos.unios.hr\/isc_green\/wp-content\/uploads\/2022\/05\/279419965_581975659658061_917493777907671184_n-24x18.jpg 24w, https:\/\/www.ptfos.unios.hr\/isc_green\/wp-content\/uploads\/2022\/05\/279419965_581975659658061_917493777907671184_n-36x27.jpg 36w, https:\/\/www.ptfos.unios.hr\/isc_green\/wp-content\/uploads\/2022\/05\/279419965_581975659658061_917493777907671184_n-48x36.jpg 48w, https:\/\/www.ptfos.unios.hr\/isc_green\/wp-content\/uploads\/2022\/05\/279419965_581975659658061_917493777907671184_n.jpg 2048w\" sizes=\"auto, (max-width: 149px) 100vw, 149px\" \/> \u00a0<img loading=\"lazy\" decoding=\"async\" class=\"alignnone  wp-image-1470\" src=\"http:\/\/www.ptfos.unios.hr\/isc_green\/wp-content\/uploads\/2022\/05\/274762600_1067906277121559_5507801847961841391_n-300x200.jpg\" alt=\"\" width=\"170\" height=\"113\" srcset=\"https:\/\/www.ptfos.unios.hr\/isc_green\/wp-content\/uploads\/2022\/05\/274762600_1067906277121559_5507801847961841391_n-300x200.jpg 300w, https:\/\/www.ptfos.unios.hr\/isc_green\/wp-content\/uploads\/2022\/05\/274762600_1067906277121559_5507801847961841391_n-1024x683.jpg 1024w, https:\/\/www.ptfos.unios.hr\/isc_green\/wp-content\/uploads\/2022\/05\/274762600_1067906277121559_5507801847961841391_n-768x512.jpg 768w, https:\/\/www.ptfos.unios.hr\/isc_green\/wp-content\/uploads\/2022\/05\/274762600_1067906277121559_5507801847961841391_n-1536x1024.jpg 1536w, https:\/\/www.ptfos.unios.hr\/isc_green\/wp-content\/uploads\/2022\/05\/274762600_1067906277121559_5507801847961841391_n-24x16.jpg 24w, https:\/\/www.ptfos.unios.hr\/isc_green\/wp-content\/uploads\/2022\/05\/274762600_1067906277121559_5507801847961841391_n-36x24.jpg 36w, https:\/\/www.ptfos.unios.hr\/isc_green\/wp-content\/uploads\/2022\/05\/274762600_1067906277121559_5507801847961841391_n-48x32.jpg 48w, https:\/\/www.ptfos.unios.hr\/isc_green\/wp-content\/uploads\/2022\/05\/274762600_1067906277121559_5507801847961841391_n.jpg 2048w\" sizes=\"auto, (max-width: 170px) 100vw, 170px\" \/> \u00a0<img loading=\"lazy\" decoding=\"async\" class=\"alignnone  wp-image-1474\" src=\"http:\/\/www.ptfos.unios.hr\/isc_green\/wp-content\/uploads\/2022\/05\/2881e38f13db4f900dfa4c47a366eec7_gallery_single_view-300x200.jpg\" alt=\"\" width=\"174\" height=\"116\" srcset=\"https:\/\/www.ptfos.unios.hr\/isc_green\/wp-content\/uploads\/2022\/05\/2881e38f13db4f900dfa4c47a366eec7_gallery_single_view-300x200.jpg 300w, https:\/\/www.ptfos.unios.hr\/isc_green\/wp-content\/uploads\/2022\/05\/2881e38f13db4f900dfa4c47a366eec7_gallery_single_view-768x512.jpg 768w, https:\/\/www.ptfos.unios.hr\/isc_green\/wp-content\/uploads\/2022\/05\/2881e38f13db4f900dfa4c47a366eec7_gallery_single_view-24x16.jpg 24w, https:\/\/www.ptfos.unios.hr\/isc_green\/wp-content\/uploads\/2022\/05\/2881e38f13db4f900dfa4c47a366eec7_gallery_single_view-36x24.jpg 36w, https:\/\/www.ptfos.unios.hr\/isc_green\/wp-content\/uploads\/2022\/05\/2881e38f13db4f900dfa4c47a366eec7_gallery_single_view-48x32.jpg 48w, https:\/\/www.ptfos.unios.hr\/isc_green\/wp-content\/uploads\/2022\/05\/2881e38f13db4f900dfa4c47a366eec7_gallery_single_view.jpg 960w\" sizes=\"auto, (max-width: 174px) 100vw, 174px\" \/> <img loading=\"lazy\" decoding=\"async\" class=\"alignnone  wp-image-1475\" src=\"http:\/\/www.ptfos.unios.hr\/isc_green\/wp-content\/uploads\/2022\/05\/274818477_2163082463842457_3811015061237885563_n-300x200.jpg\" alt=\"\" width=\"171\" height=\"114\" srcset=\"https:\/\/www.ptfos.unios.hr\/isc_green\/wp-content\/uploads\/2022\/05\/274818477_2163082463842457_3811015061237885563_n-300x200.jpg 300w, https:\/\/www.ptfos.unios.hr\/isc_green\/wp-content\/uploads\/2022\/05\/274818477_2163082463842457_3811015061237885563_n-1024x683.jpg 1024w, https:\/\/www.ptfos.unios.hr\/isc_green\/wp-content\/uploads\/2022\/05\/274818477_2163082463842457_3811015061237885563_n-768x512.jpg 768w, https:\/\/www.ptfos.unios.hr\/isc_green\/wp-content\/uploads\/2022\/05\/274818477_2163082463842457_3811015061237885563_n-1536x1024.jpg 1536w, https:\/\/www.ptfos.unios.hr\/isc_green\/wp-content\/uploads\/2022\/05\/274818477_2163082463842457_3811015061237885563_n-24x16.jpg 24w, https:\/\/www.ptfos.unios.hr\/isc_green\/wp-content\/uploads\/2022\/05\/274818477_2163082463842457_3811015061237885563_n-36x24.jpg 36w, https:\/\/www.ptfos.unios.hr\/isc_green\/wp-content\/uploads\/2022\/05\/274818477_2163082463842457_3811015061237885563_n-48x32.jpg 48w, https:\/\/www.ptfos.unios.hr\/isc_green\/wp-content\/uploads\/2022\/05\/274818477_2163082463842457_3811015061237885563_n.jpg 1560w\" sizes=\"auto, (max-width: 171px) 100vw, 171px\" \/> \u00a0<img loading=\"lazy\" decoding=\"async\" class=\"alignnone  wp-image-1476\" src=\"http:\/\/www.ptfos.unios.hr\/isc_green\/wp-content\/uploads\/2022\/05\/279346259_314151750862801_8400351272760319460_n-300x225.jpg\" alt=\"\" width=\"152\" height=\"114\" srcset=\"https:\/\/www.ptfos.unios.hr\/isc_green\/wp-content\/uploads\/2022\/05\/279346259_314151750862801_8400351272760319460_n-300x225.jpg 300w, https:\/\/www.ptfos.unios.hr\/isc_green\/wp-content\/uploads\/2022\/05\/279346259_314151750862801_8400351272760319460_n-1024x768.jpg 1024w, https:\/\/www.ptfos.unios.hr\/isc_green\/wp-content\/uploads\/2022\/05\/279346259_314151750862801_8400351272760319460_n-768x576.jpg 768w, https:\/\/www.ptfos.unios.hr\/isc_green\/wp-content\/uploads\/2022\/05\/279346259_314151750862801_8400351272760319460_n-1536x1152.jpg 1536w, https:\/\/www.ptfos.unios.hr\/isc_green\/wp-content\/uploads\/2022\/05\/279346259_314151750862801_8400351272760319460_n-24x18.jpg 24w, https:\/\/www.ptfos.unios.hr\/isc_green\/wp-content\/uploads\/2022\/05\/279346259_314151750862801_8400351272760319460_n-36x27.jpg 36w, https:\/\/www.ptfos.unios.hr\/isc_green\/wp-content\/uploads\/2022\/05\/279346259_314151750862801_8400351272760319460_n-48x36.jpg 48w, https:\/\/www.ptfos.unios.hr\/isc_green\/wp-content\/uploads\/2022\/05\/279346259_314151750862801_8400351272760319460_n.jpg 2048w\" sizes=\"auto, (max-width: 152px) 100vw, 152px\" \/> \u00a0<img loading=\"lazy\" decoding=\"async\" class=\"alignnone  wp-image-1478\" src=\"http:\/\/www.ptfos.unios.hr\/isc_green\/wp-content\/uploads\/2022\/05\/279448634_361238005978569_9207822781127205442_n-300x225.jpg\" alt=\"\" width=\"151\" height=\"113\" srcset=\"https:\/\/www.ptfos.unios.hr\/isc_green\/wp-content\/uploads\/2022\/05\/279448634_361238005978569_9207822781127205442_n-300x225.jpg 300w, https:\/\/www.ptfos.unios.hr\/isc_green\/wp-content\/uploads\/2022\/05\/279448634_361238005978569_9207822781127205442_n-1024x768.jpg 1024w, https:\/\/www.ptfos.unios.hr\/isc_green\/wp-content\/uploads\/2022\/05\/279448634_361238005978569_9207822781127205442_n-768x576.jpg 768w, https:\/\/www.ptfos.unios.hr\/isc_green\/wp-content\/uploads\/2022\/05\/279448634_361238005978569_9207822781127205442_n-1536x1152.jpg 1536w, https:\/\/www.ptfos.unios.hr\/isc_green\/wp-content\/uploads\/2022\/05\/279448634_361238005978569_9207822781127205442_n-24x18.jpg 24w, https:\/\/www.ptfos.unios.hr\/isc_green\/wp-content\/uploads\/2022\/05\/279448634_361238005978569_9207822781127205442_n-36x27.jpg 36w, https:\/\/www.ptfos.unios.hr\/isc_green\/wp-content\/uploads\/2022\/05\/279448634_361238005978569_9207822781127205442_n-48x36.jpg 48w, https:\/\/www.ptfos.unios.hr\/isc_green\/wp-content\/uploads\/2022\/05\/279448634_361238005978569_9207822781127205442_n.jpg 2048w\" sizes=\"auto, (max-width: 151px) 100vw, 151px\" \/> \u00a0<\/span><\/p>\n","protected":false},"excerpt":{"rendered":"<p>. Ponuda za smje\u0161taj studenata i nastavnog osoblja tijekom me\u0111unarodne studentske GREEN konferencije Po\u0161tovani, za studente i nastavnike sudionike 2. me\u0111unarodne studentske GREEN konferencije, koja \u0107e se odr\u017eati u Osijeku 2. i 3.6.2022. godine, osigurali smo mogu\u0107nost smje\u0161taja u novom paviljonu Studentskog doma u Osijeku prema slijede\u0107im cjeniku po osobi : Cijena no\u0107enja u jednokrevetnoj [&hellip;]<\/p>\n","protected":false},"author":3,"featured_media":0,"parent":0,"menu_order":0,"comment_status":"closed","ping_status":"closed","template":"","meta":{"_themeisle_gutenberg_block_has_review":false,"footnotes":""},"class_list":["post-735","page","type-page","status-publish","hentry"],"_links":{"self":[{"href":"https:\/\/www.ptfos.unios.hr\/isc_green\/index.php\/wp-json\/wp\/v2\/pages\/735","targetHints":{"allow":["GET"]}}],"collection":[{"href":"https:\/\/www.ptfos.unios.hr\/isc_green\/index.php\/wp-json\/wp\/v2\/pages"}],"about":[{"href":"https:\/\/www.ptfos.unios.hr\/isc_green\/index.php\/wp-json\/wp\/v2\/types\/page"}],"author":[{"embeddable":true,"href":"https:\/\/www.ptfos.unios.hr\/isc_green\/index.php\/wp-json\/wp\/v2\/users\/3"}],"replies":[{"embeddable":true,"href":"https:\/\/www.ptfos.unios.hr\/isc_green\/index.php\/wp-json\/wp\/v2\/comments?post=735"}],"version-history":[{"count":65,"href":"https:\/\/www.ptfos.unios.hr\/isc_green\/index.php\/wp-json\/wp\/v2\/pages\/735\/revisions"}],"predecessor-version":[{"id":1686,"href":"https:\/\/www.ptfos.unios.hr\/isc_green\/index.php\/wp-json\/wp\/v2\/pages\/735\/revisions\/1686"}],"wp:attachment":[{"href":"https:\/\/www.ptfos.unios.hr\/isc_green\/index.php\/wp-json\/wp\/v2\/media?parent=735"}],"curies":[{"name":"wp","href":"https:\/\/api.w.org\/{rel}","templated":true}]}}